{"id":5960,"date":"2022-09-06T08:31:05","date_gmt":"2022-09-06T08:31:05","guid":{"rendered":"https:\/\/www.vaszarykeptar.hu\/?page_id=5960"},"modified":"2025-09-19T10:10:11","modified_gmt":"2025-09-19T10:10:11","slug":"nyitva-tartas","status":"publish","type":"page","link":"https:\/\/www.vaszarykeptar.hu\/?page_id=5960","title":{"rendered":"Nyitva tart\u00e1s"},"content":{"rendered":"\n<p>Id\u0151szaki ki\u00e1ll\u00edt\u00e1s |&nbsp;<strong>Vaszary K\u00e9pt\u00e1r<\/strong><\/p>\n\n\n\n<p>szerda \u2013 p\u00e9ntek: 10.00\u201318.00<br>szombat: 10:00-16:00<\/p>\n\n\n\n<p><\/p>\n\n\n\n<p>Id\u0151szaki ki\u00e1ll\u00edt\u00e1s |&nbsp;<strong>Vaszary St\u00fadi\u00f3<\/strong><\/p>\n\n\n\n<p>szerda \u2013 p\u00e9ntek: 10.00\u201318.00<br>szombat: 10:00-16:00<\/p>\n\n\n\n<p><br><\/p>\n\n\n\n<p><\/p>\n\n\n\n<p>A Vaszary K\u00e9pt\u00e1r<strong>&nbsp;jegyp\u00e9nzt\u00e1ra<\/strong>&nbsp;\u00e9s a&nbsp;<strong>K\u00e9pt\u00e1r Shop<\/strong>&nbsp;szerd\u00e1t\u00f3l p\u00e9ntekig 10.00 \u00f3ra \u00e9s 17:45 k\u00f6z\u00f6tt, szombatonk\u00e9nt 10:00 \u00f3ra \u00e9s 15:45 k\u00f6z\u00f6tt v\u00e1rja a l\u00e1togat\u00f3kat.<\/p>\n\n\n\n<p>A k\u00e9pt\u00e1r minden egys\u00e9ge a h\u00e9tf\u0151i, a keddi \u00e9s vas\u00e1rnapi napokon z\u00e1rva tart!<\/p>\n","protected":false},"excerpt":{"rendered":"<p>Id\u0151szaki ki\u00e1ll\u00edt\u00e1s |&nbsp;Vaszary K\u00e9pt\u00e1r szerda \u2013 p\u00e9ntek: 10.00\u201318.00szombat: 10:00-16:00 Id\u0151szaki ki\u00e1ll\u00edt\u00e1s |&nbsp;Vaszary St\u00fadi\u00f3 szerda \u2013 p\u00e9ntek: 10.00\u201318.00szombat: 10:00-16:00 A Vaszary K\u00e9pt\u00e1r&nbsp;jegyp\u00e9nzt\u00e1ra&nbsp;\u00e9s a&nbsp;K\u00e9pt\u00e1r Shop&nbsp;szerd\u00e1t\u00f3l p\u00e9ntekig 10.00&hellip;<\/p>\n","protected":false},"author":4,"featured_media":0,"parent":0,"menu_order":0,"comment_status":"closed","ping_status":"closed","template":"","meta":[],"_links":{"self":[{"href":"https:\/\/www.vaszarykeptar.hu\/index.php?rest_route=\/wp\/v2\/pages\/5960"}],"collection":[{"href":"https:\/\/www.vaszarykeptar.hu\/index.php?rest_route=\/wp\/v2\/pages"}],"about":[{"href":"https:\/\/www.vaszarykeptar.hu\/index.php?rest_route=\/wp\/v2\/types\/page"}],"author":[{"embeddable":true,"href":"https:\/\/www.vaszarykeptar.hu\/index.php?rest_route=\/wp\/v2\/users\/4"}],"replies":[{"embeddable":true,"href":"https:\/\/www.vaszarykeptar.hu\/index.php?rest_route=%2Fwp%2Fv2%2Fcomments&post=5960"}],"version-history":[{"count":18,"href":"https:\/\/www.vaszarykeptar.hu\/index.php?rest_route=\/wp\/v2\/pages\/5960\/revisions"}],"predecessor-version":[{"id":6853,"href":"https:\/\/www.vaszarykeptar.hu\/index.php?rest_route=\/wp\/v2\/pages\/5960\/revisions\/6853"}],"wp:attachment":[{"href":"https:\/\/www.vaszarykeptar.hu\/index.php?rest_route=%2Fwp%2Fv2%2Fmedia&parent=5960"}],"curies":[{"name":"wp","href":"https:\/\/api.w.org\/{rel}","templated":true}]}}