{"id":5966,"date":"2022-09-06T08:32:09","date_gmt":"2022-09-06T08:32:09","guid":{"rendered":"https:\/\/www.vaszarykeptar.hu\/?page_id=5966"},"modified":"2025-09-22T12:26:38","modified_gmt":"2025-09-22T12:26:38","slug":"kapcsolat","status":"publish","type":"page","link":"https:\/\/www.vaszarykeptar.hu\/?page_id=5966","title":{"rendered":"Kapcsolat"},"content":{"rendered":"\n<h2>Vaszary K\u00e9pt\u00e1r<\/h2>\n\n\n\n<p><\/p>\n\n\n\n<p>7400 Kaposv\u00e1r, Nagy Imre t\u00e9r 2. \/ Egy\u00fcd \u00c1rp\u00e1d Kultur\u00e1lis K\u00f6zpont I. emelet<br>vaszary.keptar@csiky.hu<\/p>\n\n\n\n<p>Pajger-Kov\u00e1cs Lilla<br>k\u00e9pt\u00e1rvezet\u0151<br>pajger.lilla@csiky.hu<\/p>\n\n\n\n<p><\/p>\n\n\n\n<p>Kirsch Vera<br>kultur\u00e1lis szervez\u0151<br>kirsch.vera@csiky.hu<\/p>\n\n\n\n<p><\/p>\n\n\n\n<p><\/p>\n\n\n\n<h2>\u00dczemeltet\u0151<\/h2>\n\n\n\n<p>Csiky Gergely Sz\u00ednh\u00e1z \u00e9s Kultur\u00e1lis K\u00f6zpont K\u00f6zhaszn\u00fa Nonprofit Kft.<br>7400 Kaposv\u00e1r R\u00e1k\u00f3czi t\u00e9r 1.<br>Honlap: www.csiky.hu<br>titkarsag@csiky.hu<br>Ad\u00f3sz\u00e1m: 14590652-2-14<br>C\u00e9gjegyz\u00e9ksz\u00e1m: 14-09-308782 <\/p>\n","protected":false},"excerpt":{"rendered":"<p>Vaszary K\u00e9pt\u00e1r 7400 Kaposv\u00e1r, Nagy Imre t\u00e9r 2. \/ Egy\u00fcd \u00c1rp\u00e1d Kultur\u00e1lis K\u00f6zpont I. emeletvaszary.keptar@csiky.hu Pajger-Kov\u00e1cs Lillak\u00e9pt\u00e1rvezet\u0151pajger.lilla@csiky.hu Kirsch Verakultur\u00e1lis szervez\u0151kirsch.vera@csiky.hu \u00dczemeltet\u0151 Csiky Gergely Sz\u00ednh\u00e1z \u00e9s&hellip;<\/p>\n","protected":false},"author":4,"featured_media":0,"parent":0,"menu_order":0,"comment_status":"closed","ping_status":"closed","template":"","meta":[],"_links":{"self":[{"href":"https:\/\/www.vaszarykeptar.hu\/index.php?rest_route=\/wp\/v2\/pages\/5966"}],"collection":[{"href":"https:\/\/www.vaszarykeptar.hu\/index.php?rest_route=\/wp\/v2\/pages"}],"about":[{"href":"https:\/\/www.vaszarykeptar.hu\/index.php?rest_route=\/wp\/v2\/types\/page"}],"author":[{"embeddable":true,"href":"https:\/\/www.vaszarykeptar.hu\/index.php?rest_route=\/wp\/v2\/users\/4"}],"replies":[{"embeddable":true,"href":"https:\/\/www.vaszarykeptar.hu\/index.php?rest_route=%2Fwp%2Fv2%2Fcomments&post=5966"}],"version-history":[{"count":5,"href":"https:\/\/www.vaszarykeptar.hu\/index.php?rest_route=\/wp\/v2\/pages\/5966\/revisions"}],"predecessor-version":[{"id":7007,"href":"https:\/\/www.vaszarykeptar.hu\/index.php?rest_route=\/wp\/v2\/pages\/5966\/revisions\/7007"}],"wp:attachment":[{"href":"https:\/\/www.vaszarykeptar.hu\/index.php?rest_route=%2Fwp%2Fv2%2Fmedia&parent=5966"}],"curies":[{"name":"wp","href":"https:\/\/api.w.org\/{rel}","templated":true}]}}