{"id":5969,"date":"2022-09-06T08:32:47","date_gmt":"2022-09-06T08:32:47","guid":{"rendered":"https:\/\/www.vaszarykeptar.hu\/?page_id=5969"},"modified":"2025-09-18T08:23:48","modified_gmt":"2025-09-18T08:23:48","slug":"latogatasi-szabalyzat","status":"publish","type":"page","link":"https:\/\/www.vaszarykeptar.hu\/?page_id=5969","title":{"rendered":"L\u00e1togat\u00e1si szab\u00e1lyzat"},"content":{"rendered":"\n<h2>H\u00c1ZIREND<\/h2>\n\n\n\n<p>A Vaszary K\u00e9pt\u00e1r a Csiky Gergely Sz\u00ednh\u00e1z \u00e9s Kultur\u00e1lis K\u00f6zpont Nonprofit Kft. tagint\u00e9zm\u00e9nyek\u00e9nt, az Egy\u00fcd \u00c1rp\u00e1d Kultur\u00e1lis K\u00f6zpont \u00e9p\u00fclet\u00e9nek I. emelet\u00e9n m\u0171k\u00f6dik.<\/p>\n\n\n\n<p>Nyitvatart\u00e1si id\u0151 (a ki\u00e1ll\u00edt\u00e1sok ideje alatt): szerd\u00e1t\u00f3l szombatig 10:00 \u2013 18:00 \u00f3ra k\u00f6z\u00f6tt, vas\u00e1rnap 10:00 -16:00 \u00f3ra k\u00f6z\u00f6tt, illetve ett\u0151l elt\u00e9r\u0151en az egyes programokhoz igazodva.<\/p>\n\n\n\n<p>\u00c1LTAL\u00c1NOS SZAB\u00c1LYOK<\/p>\n\n\n\n<p>A Vaszary K\u00e9pt\u00e1r l\u00e1togat\u00f3ja a l\u00e1togat\u00e1st saj\u00e1t felel\u0151ss\u00e9g\u00e9re, cselekv\u0151k\u00e9pess\u00e9g\u00e9nek teljes tudat\u00e1ban teszi &#8211; v\u00e1llalja, hogy a bel\u00e9p\u00e9ssel a k\u00e9pt\u00e1ri l\u00e1togat\u00e1s szab\u00e1lyait betartja.<\/p>\n\n\n\n<p>Tiszt\u00e1ban van a j\u00e1rv\u00e1nyhelyzet aktu\u00e1lis \u00e1llapot\u00e1val, nem szenved a l\u00e1togat\u00e1st kiz\u00e1r\u00f3 \u2013 fert\u0151z\u0151 \u2013 betegs\u00e9gben.&nbsp; A b\u00e1rmely okb\u00f3l vesz\u00e9lyeztetett csoporthoz tartoz\u00f3 l\u00e1togat\u00f3 \u00e1llapot\u00e1ban bek\u00f6vetkez\u0151 k\u00e9s\u0151bbi v\u00e1ltoz\u00e1s\u00e9rt a k\u00e9pt\u00e1r nem tud felel\u0151ss\u00e9get v\u00e1llalni, hiszen a l\u00e1togat\u00e1s \u00f6nk\u00e9ntes alapon t\u00f6rt\u00e9nik.<\/p>\n\n\n\n<p>A k\u00e9pt\u00e1r ter\u00fclet\u00e9re betegs\u00e9g jel\u00e9t mutat\u00f3, l\u00e1zas, k\u00f6h\u00f6g\u0151 szem\u00e9ly nem l\u00e9phet!<\/p>\n\n\n\n<p>RUHAT\u00c1R &#8211; A k\u00e9pt\u00e1rba csak tiszta ruh\u00e1zatban lehet bel\u00e9pni. A l\u00e1togat\u00e1s sor\u00e1n a ki\u00e1ll\u00edt\u00f3terekbe csak kisebb m\u00e9ret\u0171 k\u00e9zit\u00e1ska vihet\u0151. Nem hozhat\u00f3 a m\u00fazeum ter\u00fclet\u00e9re nagyobb m\u00e9ret\u0171 poggy\u00e1sz, t\u00e1ska, vagy h\u00e1tizs\u00e1k. A l\u00e1togat\u00f3k a fogad\u00f3t\u00e9rben tal\u00e1lhat\u00f3 \u00e9rt\u00e9kmeg\u0151rz\u0151 szekr\u00e9nyekben tudj\u00e1k elhelyezni csomagjaikat \u00e9s t\u00e1sk\u00e1ikat &#8211; mely nem jelent fel\u00fcgyelt \u00e9rt\u00e9kmeg\u0151rz\u00e9st.<\/p>\n\n\n\n<p>F\u00c9NYK\u00c9P \u00e9s VIDE\u00d3FELV\u00c9TEL szem\u00e9lyes c\u00e9lokra enged\u00e9ly n\u00e9lk\u00fcl k\u00e9sz\u00edthet\u0151. A felv\u00e9telek kiz\u00e1r\u00f3lag szem\u00e9lyes c\u00e9lokra haszn\u00e1lhat\u00f3k, kereskedelmi forgalomba nem hozhat\u00f3k. Vaku-, illetve f\u00e9nyk\u00e9p\u00e1llv\u00e1ny, valamint szelfibot haszn\u00e1lata tilos!<\/p>\n\n\n\n<p>Egyes id\u0151szaki ki\u00e1ll\u00edt\u00e1sok eset\u00e9n ett\u0151l el\u00e9r\u0151 szab\u00e1lyoz\u00e1s is \u00e9letbe l\u00e9phet, melyr\u0151l a jegyp\u00e9nzt\u00e1rn\u00e1l t\u00e1j\u00e9koz\u00f3dhatnak.<\/p>\n\n\n\n<p>El\u0151ad\u00e1sokon \u00e9s szakmai rendezv\u00e9nyeken b\u00e1rmilyen eszk\u00f6zzel t\u00f6rt\u00e9n\u0151 k\u00e9p- \u00e9s hangr\u00f6gz\u00edt\u00e9s tilos!<\/p>\n\n\n\n<p>A K\u00c9PT\u00c1RBA TILOS BEVINNI b\u00e1rmilyen j\u00e1rm\u0171vet, \u00edgy ker\u00e9kp\u00e1rt, rollert, tov\u00e1bb\u00e1 gyermekj\u00e1t\u00e9kot \u00e9s \u00e9l\u0151 \u00e1llatot (kiv\u00e9ve vakvezet\u0151 kuty\u00e1t), sz\u00far\u00f3- \u00e9s v\u00e1g\u00f3eszk\u00f6z\u00f6ket, illetve b\u00e1rmit, ami a m\u0171t\u00e1rgyak, a l\u00e1togat\u00f3k \u00e9s a munkat\u00e1rsak \u00e9ps\u00e9g\u00e9t, biztons\u00e1g\u00e1t vesz\u00e9lyezteti.<\/p>\n\n\n\n<p>Tilos a ki\u00e1ll\u00edt\u00f3t\u00e9rbe vinni palackot, \u00e9telt, italt, (Amennyiben eg\u00e9szs\u00e9gileg indokolt, kiz\u00e1r\u00f3lag sz\u00e9nsavmentes folyad\u00e9k egy darab, t\u00e1sk\u00e1ban tartott max. 0,5 literes palackban bevihet\u0151.)<\/p>\n\n\n\n<p>A K\u00c9PT\u00c1R MEGTAGADHATJA A BEL\u00c9P\u00c9ST alkohol, vagy m\u00e1s tudatm\u00f3dos\u00edt\u00f3 szer hat\u00e1sa alatt \u00e1ll\u00f3 szem\u00e9lyekkel, illetve hi\u00e1nyos \u00f6lt\u00f6zetben (pl. mez\u00edtl\u00e1b, f\u00fcrd\u0151 \u00f6lt\u00f6zetben) \u00e9rkez\u0151kkel szemben.<\/p>\n\n\n\n<p>TILOS A DOH\u00c1NYZ\u00c1S az Egy\u00fcd \u00c1rp\u00e1d M\u0171vel\u0151d\u00e9si K\u00f6zpont eg\u00e9sz ter\u00fclet\u00e9n, elektromos cigaretta haszn\u00e1lata sem megengedett. Doh\u00e1nyozni csak a f\u0151bej\u00e1rat el\u0151tt lehets\u00e9ges, a bej\u00e1ratt\u00f3l legal\u00e1bb 5 m t\u00e1vols\u00e1gban.<\/p>\n\n\n\n<p>M\u0170T\u00c1RGYV\u00c9DELEM: A m\u0171t\u00e1rgyak \u00e1llaga m\u00e1r egy \u00e9rint\u00e9st\u0151l is s\u00e9r\u00fclhet. K\u00e9rj\u00fck, hogy 30 cm-es t\u00e1vols\u00e1gon bel\u00fcl ne k\u00f6zel\u00edtsen hozz\u00e1juk, \u00e9s ne \u00e9rintse, ne fogja meg az alkot\u00e1sokat \u2013 kiv\u00e9telt k\u00e9peznek azon install\u00e1ci\u00f3k, melyekn\u00e9l erre vonatkoz\u00f3an k\u00fcl\u00f6n utas\u00edt\u00e1sokat tal\u00e1lnak!<\/p>\n\n\n\n<p>SZEM\u00c9LY- \u00c9S VAGYONV\u00c9DELMI OKB\u00d3L \u2013 a Csiky Gergely Sz\u00ednh\u00e1z \u00e9s Kultur\u00e1lis K\u00f6zpont t\u00e9rfigyel\u0151 kamerarendszert alkalmaz. A kamer\u00e1val t\u00f6rt\u00e9n\u0151 megfigyel\u00e9s adatkezel\u00e9si t\u00e1j\u00e9koztat\u00f3ja el\u00e9rhet\u0151 a www.csiky.hu weboldalon.<\/p>\n\n\n\n<p>A L\u00c1TOGAT\u00d3K A K\u00c9PT\u00c1RBA T\u00d6RT\u00c9N\u0150 BEL\u00c9P\u00c9SSEL ELFOGADJ\u00c1K, hogy a ki\u00e1ll\u00edt\u00f3t\u00e9r \u00e9s az emeleti el\u0151t\u00e9r eg\u00e9sz ter\u00fclet\u00e9n t\u00f6megfelv\u00e9telnek min\u0151s\u00fcl\u0151 \u00e9s\/vagy nem min\u0151s\u00fcl\u0151 k\u00e9p \u00e9s hang-, illetve vide\u00f3 felv\u00e9tel k\u00e9sz\u00fclhet, amelyen rendezv\u00e9nyl\u00e1togat\u00f3i min\u0151s\u00e9gben b\u00e1rmely vend\u00e9g felt\u0171nhet. R\u00e9szv\u00e9tel\u00fckkel elfogadj\u00e1k, hogy ezek a felv\u00e9telek a Csiky Gergely Sz\u00ednh\u00e1z \u00e9s Kultur\u00e1lis K\u00f6zpont \u00e9s a Vaszary K\u00e9pt\u00e1r fel\u00fcletein prom\u00f3ci\u00f3s c\u00e9llal felhaszn\u00e1lhat\u00f3ak.<\/p>\n\n\n\n<p>A T\u0170ZREND\u00c9SZETI SZAB\u00c1LYOK BETART\u00c1SA \u00c9S BETARTAT\u00c1SA a Vaszary K\u00e9pt\u00e1r ter\u00fclet\u00e9n tart\u00f3zkod\u00f3 minden szem\u00e9ly sz\u00e1m\u00e1ra k\u00f6telez\u0151!<\/p>\n\n\n\n<p>L\u00c1TOGAT\u00c1S GYERMEKKEL: Az int\u00e9zm\u00e9ny \u00f6r\u00f6mmel fogadja kiskor\u00fa l\u00e1togat\u00f3it, ugyanakkor szem\u00e9lyi \u00e9s m\u0171t\u00e1rgybiztons\u00e1gi okokb\u00f3l az al\u00e1bbi szab\u00e1lyok betart\u00e1sa elengedhetetlen.<\/p>\n\n\n\n<p>K\u00e9t \u00e9vn\u00e9l fiatalabb kisgyermeket kiz\u00e1r\u00f3lag babakocsiban, vagy a testre el\u00f6l r\u00f6gz\u00edtett hordoz\u00f3ban lehet a ki\u00e1ll\u00edt\u00f3t\u00e9rbe bevinni. B\u00e1rmely kor\u00fa kisgyermek nyakban \u00e9s h\u00e1ton val\u00f3 hordoz\u00e1sa biztons\u00e1gi okokb\u00f3l nem megengedhet\u0151. A babakocsit csak tolni szabad, k\u00e9zben \u00f6sszecsukott \u00e1llapotban sem sz\u00e1ll\u00edthat\u00f3.<\/p>\n\n\n\n<p>A 14 \u00e9v alatti szem\u00e9ly a M\u00fazeumban kiz\u00e1r\u00f3lag feln\u0151tt fel\u00fcgyelete mellett tart\u00f3zkodhat.<\/p>\n\n\n\n<p>A sz\u00fcl\u0151, nagykor\u00fa k\u00eds\u00e9r\u0151 felel az\u00e9rt, hogy a gyermek a ki\u00e1ll\u00edt\u00e1si t\u00e1rgyak \u00e9ps\u00e9g\u00e9t meg\u00f3vja, \u00e9s a ki\u00e1ll\u00edt\u00f3teret, valamint annak berendez\u00e9si t\u00e1rgyait rendeltet\u00e9sszer\u0171en haszn\u00e1lja. A fiatalkor\u00fa testi \u00e9ps\u00e9g\u00e9\u00e9rt, valamint a K\u00e9pt\u00e1rhoz ill\u0151, kultur\u00e1lt viselked\u00e9s\u00e9\u00e9rt a sz\u00fcl\u0151, nagykor\u00fa k\u00eds\u00e9r\u0151 felel. K\u00e9rj\u00fck, hogy a ki\u00e1ll\u00edt\u00e1sok l\u00e1togat\u00e1sa alatt legyenek tekintettel a t\u00f6bbi l\u00e1togat\u00f3ra, \u00e9s m\u0171k\u00f6djenek egy\u00fctt az erre figyelmeztet\u0151 terem\u0151r\u00f6kkel.<\/p>\n\n\n\n<p>CSOPORTOS \u00c9S CSAL\u00c1DI L\u00c1TOGAT\u00c1S: A csoportvezet\u0151t, k\u00eds\u00e9r\u0151 tan\u00e1rt, illetve sz\u00fcl\u0151t (valamint eseti k\u00fcl\u00f6n enged\u00e9llyel rendelkez\u0151 k\u00fcls\u0151 t\u00e1rlatvezet\u0151t) terhel a felel\u0151ss\u00e9g az\u00e9rt, hogy csoportjuk minden tagja betartsa a l\u00e1togat\u00f3i szab\u00e1lyzatban foglaltakat.<\/p>\n\n\n\n<p>T\u00c1RLATVEZET\u00c9S: Ki\u00e1ll\u00edt\u00e1sainkon kiz\u00e1r\u00f3lag a K\u00e9pt\u00e1r t\u00e1rlatvezet\u0151i tarthatnak t\u00e1rlatvezet\u00e9st, el\u0151zetes egyeztet\u00e9st k\u00f6vet\u0151en, d\u00edj ellen\u00e9ben.<\/p>\n\n\n\n<p>MOBILTELEFON: K\u00e9rj\u00fck, a ki\u00e1ll\u00edt\u00f3terekben ne zavarja a t\u00f6bbi l\u00e1togat\u00f3t hangos besz\u00e9ddel, mobiltelefonj\u00e1t halk\u00edtsa le, \u00e9s ne haszn\u00e1lja besz\u00e9lget\u00e9sre.<\/p>\n\n\n\n<p>Z\u00c1R\u00c1SI REND: A ki\u00e1ll\u00edt\u00e1sok z\u00e1r\u00e1sa 17:45-kor, illetve vas\u00e1rnapi napokon 15:45-kor kezd\u0151dik a jegyp\u00e9nzt\u00e1r z\u00e1r\u00e1s\u00e1val. K\u00e9rj\u00fck, hogy a K\u00e9pt\u00e1r ter\u00fclet\u00e9t 18 \u00f3r\u00e1ig, illetve vas\u00e1rnaponk\u00e9nt 16:00 \u00f3r\u00e1ig sz\u00edveskedjenek elhagyni.<\/p>\n\n\n\n<p>Valamennyi l\u00e1togat\u00f3 k\u00f6teles jelen szab\u00e1lyoz\u00e1s betart\u00e1s\u00e1ra, azon l\u00e1togat\u00f3k, akik a szab\u00e1lyoz\u00e1st figyelmen k\u00edv\u00fcl hagyj\u00e1k, felsz\u00f3l\u00edt\u00e1sra \u2013 amennyiben a tan\u00fas\u00edtott \u00e9s kifog\u00e1solt magatart\u00e1son nem v\u00e1ltoztatnak \u2013 a ki\u00e1ll\u00edt\u00f3helyet el kell hagyniuk. Ezekben az esetekben a k\u00e9pt\u00e1r a bel\u00e9p\u0151d\u00edj \u00e1r\u00e1t nem t\u00e9r\u00edti vissza.<\/p>\n\n\n\n<p>JELEN H\u00c1ZIREND VISSZAVON\u00c1SIG \u00c9RV\u00c9NYES!<\/p>\n\n\n\n<p>2023. m\u00e1rcius 31.<\/p>\n","protected":false},"excerpt":{"rendered":"<p>H\u00c1ZIREND A Vaszary K\u00e9pt\u00e1r a Csiky Gergely Sz\u00ednh\u00e1z \u00e9s Kultur\u00e1lis K\u00f6zpont Nonprofit Kft. tagint\u00e9zm\u00e9nyek\u00e9nt, az Egy\u00fcd \u00c1rp\u00e1d Kultur\u00e1lis K\u00f6zpont \u00e9p\u00fclet\u00e9nek I. emelet\u00e9n m\u0171k\u00f6dik. Nyitvatart\u00e1si id\u0151&hellip;<\/p>\n","protected":false},"author":4,"featured_media":0,"parent":0,"menu_order":0,"comment_status":"closed","ping_status":"closed","template":"","meta":[],"_links":{"self":[{"href":"https:\/\/www.vaszarykeptar.hu\/index.php?rest_route=\/wp\/v2\/pages\/5969"}],"collection":[{"href":"https:\/\/www.vaszarykeptar.hu\/index.php?rest_route=\/wp\/v2\/pages"}],"about":[{"href":"https:\/\/www.vaszarykeptar.hu\/index.php?rest_route=\/wp\/v2\/types\/page"}],"author":[{"embeddable":true,"href":"https:\/\/www.vaszarykeptar.hu\/index.php?rest_route=\/wp\/v2\/users\/4"}],"replies":[{"embeddable":true,"href":"https:\/\/www.vaszarykeptar.hu\/index.php?rest_route=%2Fwp%2Fv2%2Fcomments&post=5969"}],"version-history":[{"count":3,"href":"https:\/\/www.vaszarykeptar.hu\/index.php?rest_route=\/wp\/v2\/pages\/5969\/revisions"}],"predecessor-version":[{"id":6083,"href":"https:\/\/www.vaszarykeptar.hu\/index.php?rest_route=\/wp\/v2\/pages\/5969\/revisions\/6083"}],"wp:attachment":[{"href":"https:\/\/www.vaszarykeptar.hu\/index.php?rest_route=%2Fwp%2Fv2%2Fmedia&parent=5969"}],"curies":[{"name":"wp","href":"https:\/\/api.w.org\/{rel}","templated":true}]}}