{"id":6198,"date":"2023-04-21T09:38:26","date_gmt":"2023-04-21T09:38:26","guid":{"rendered":"https:\/\/www.vaszarykeptar.hu\/?page_id=6198"},"modified":"2026-04-07T09:17:10","modified_gmt":"2026-04-07T09:17:10","slug":"kezdolap-2","status":"publish","type":"page","link":"https:\/\/www.vaszarykeptar.hu\/","title":{"rendered":"Kezd\u0151lap"},"content":{"rendered":"\t\t<div data-elementor-type=\"wp-page\" data-elementor-id=\"6198\" class=\"elementor elementor-6198\">\n\t\t\t\t\t\t\t\t\t<section class=\"elementor-section elementor-top-section elementor-element elementor-element-acb07be elementor-section-boxed elementor-section-height-default elementor-section-height-default\" data-id=\"acb07be\" data-element_type=\"section\">\n\t\t\t\t\t\t<div class=\"elementor-container elementor-column-gap-default\">\n\t\t\t\t\t<div class=\"elementor-column elementor-col-100 elementor-top-column elementor-element elementor-element-e7dc8a6\" data-id=\"e7dc8a6\" data-element_type=\"column\">\n\t\t\t<div class=\"elementor-widget-wrap elementor-element-populated\">\n\t\t\t\t\t\t\t\t<div class=\"elementor-element elementor-element-8dcd54e elementor-widget elementor-widget-image\" data-id=\"8dcd54e\" data-element_type=\"widget\" data-widget_type=\"image.default\">\n\t\t\t\t<div class=\"elementor-widget-container\">\n\t\t\t<style>\/*! elementor - v3.12.2 - 23-04-2023 *\/\n.elementor-widget-image{text-align:center}.elementor-widget-image a{display:inline-block}.elementor-widget-image a img[src$=\".svg\"]{width:48px}.elementor-widget-image img{vertical-align:middle;display:inline-block}<\/style>\t\t\t\t\t\t\t\t\t\t\t\t<img width=\"2560\" height=\"1191\" src=\"https:\/\/www.vaszarykeptar.hu\/wp-content\/uploads\/2026\/04\/657657900_1269561135280738_2779180837198548485_n-scaled.jpg\" class=\"attachment-full size-full wp-image-7229\" alt=\"\" loading=\"lazy\" srcset=\"https:\/\/www.vaszarykeptar.hu\/wp-content\/uploads\/2026\/04\/657657900_1269561135280738_2779180837198548485_n-scaled.jpg 2560w, https:\/\/www.vaszarykeptar.hu\/wp-content\/uploads\/2026\/04\/657657900_1269561135280738_2779180837198548485_n-300x140.jpg 300w, https:\/\/www.vaszarykeptar.hu\/wp-content\/uploads\/2026\/04\/657657900_1269561135280738_2779180837198548485_n-1024x477.jpg 1024w, https:\/\/www.vaszarykeptar.hu\/wp-content\/uploads\/2026\/04\/657657900_1269561135280738_2779180837198548485_n-768x357.jpg 768w, https:\/\/www.vaszarykeptar.hu\/wp-content\/uploads\/2026\/04\/657657900_1269561135280738_2779180837198548485_n-1536x715.jpg 1536w, https:\/\/www.vaszarykeptar.hu\/wp-content\/uploads\/2026\/04\/657657900_1269561135280738_2779180837198548485_n-2048x953.jpg 2048w\" sizes=\"(max-width: 2560px) 100vw, 2560px\" \/>\t\t\t\t\t\t\t\t\t\t\t\t\t\t\t<\/div>\n\t\t\t\t<\/div>\n\t\t\t\t\t<\/div>\n\t\t<\/div>\n\t\t\t\t\t\t\t<\/div>\n\t\t<\/section>\n\t\t\t\t<section class=\"elementor-section elementor-top-section elementor-element elementor-element-4532caf4 elementor-section-boxed elementor-section-height-default elementor-section-height-default\" data-id=\"4532caf4\" data-element_type=\"section\">\n\t\t\t\t\t\t<div class=\"elementor-container elementor-column-gap-default\">\n\t\t\t\t\t<div class=\"elementor-column elementor-col-100 elementor-top-column elementor-element elementor-element-1d97df8\" data-id=\"1d97df8\" data-element_type=\"column\">\n\t\t\t<div class=\"elementor-widget-wrap elementor-element-populated\">\n\t\t\t\t\t\t\t\t<div class=\"elementor-element elementor-element-fbeec08 elementor-widget elementor-widget-text-editor\" data-id=\"fbeec08\" data-element_type=\"widget\" data-widget_type=\"text-editor.default\">\n\t\t\t\t<div class=\"elementor-widget-container\">\n\t\t\t<style>\/*! elementor - v3.12.2 - 23-04-2023 *\/\n.elementor-widget-text-editor.elementor-drop-cap-view-stacked .elementor-drop-cap{background-color:#69727d;color:#fff}.elementor-widget-text-editor.elementor-drop-cap-view-framed .elementor-drop-cap{color:#69727d;border:3px solid;background-color:transparent}.elementor-widget-text-editor:not(.elementor-drop-cap-view-default) .elementor-drop-cap{margin-top:8px}.elementor-widget-text-editor:not(.elementor-drop-cap-view-default) .elementor-drop-cap-letter{width:1em;height:1em}.elementor-widget-text-editor .elementor-drop-cap{float:left;text-align:center;line-height:1;font-size:50px}.elementor-widget-text-editor .elementor-drop-cap-letter{display:inline-block}<\/style>\t\t\t\t<p><style>\/*! elementor - v3.12.2 - 23-04-2023 *\/<br \/>.elementor-widget-image{text-align:center}.elementor-widget-image a{display:inline-block}.elementor-widget-image a img[src$=\".svg\"]{width:48px}.elementor-widget-image img{vertical-align:middle;display:inline-block}<\/style><\/p><p><style>\/*! elementor - v3.12.2 - 23-04-2023 *\/<br \/>.elementor-heading-title{padding:0;margin:0;line-height:1}.elementor-widget-heading .elementor-heading-title[class*=elementor-size-]>a{color:inherit;font-size:inherit;line-height:inherit}.elementor-widget-heading .elementor-heading-title.elementor-size-small{font-size:15px}.elementor-widget-heading .elementor-heading-title.elementor-size-medium{font-size:19px}.elementor-widget-heading .elementor-heading-title.elementor-size-large{font-size:29px}.elementor-widget-heading .elementor-heading-title.elementor-size-xl{font-size:39px}.elementor-widget-heading .elementor-heading-title.elementor-size-xxl{font-size:59px}<\/style><\/p><h2 style=\"text-align: center;\"><strong>\u2026mint az \u00fat \u00e1lma<\/strong><br \/>PAT\u00d3 K\u00c1ROLY grafikusm\u0171v\u00e9sz ki\u00e1ll\u00edt\u00e1sa<\/h2><p style=\"text-align: center;\">2026.03.21. \u2013 04.25.<\/p><p>Pat\u00f3 K\u00e1roly grafikusm\u0171v\u00e9sz munk\u00e1ss\u00e1g\u00e1nak gerinc\u00e9t a term\u00e9szeti \u00e9lm\u00e9nyekb\u0151l t\u00e1pl\u00e1lkoz\u00f3, figurat\u00edv, m\u00e9gis egy\u00e9ni hangv\u00e9tel\u0171 grafika adja. Legismertebb m\u0171vei a nagy technikai tud\u00e1st ig\u00e9nyl\u0151 lin\u00f3metszetek, amelyekben a t\u00e1jk\u00e9pi elemeket \u2013 f\u00e1kat, domborulatokat, vizeket \u2013 nem puszta m\u00e1sol\u00e1ssal, hanem a vonalak \u00e9s foltok ritmus\u00e1val, s\u0171r\u00edt\u00e9s\u00e9vel \u00e9rtelmezi \u00fajra. Alkot\u00e1sai mentesek a rideg geometriz\u00e1l\u00e1st\u00f3l; sokkal ink\u00e1bb egyfajta l\u00edrai \u00e9s meditat\u00edv hangulat jellemzi \u0151ket, ahol a d\u00facba metszett bar\u00e1zd\u00e1k a term\u00e9szet bels\u0151 l\u00fcktet\u00e9s\u00e9t \u00e9s text\u00far\u00e1it adj\u00e1k vissza. Grafik\u00e1i gyakran a l\u00e1tv\u00e1ny m\u00f6g\u00f6tti csendet \u00e9s harm\u00f3ni\u00e1t ragadj\u00e1k meg, bizony\u00edtva, hogy a fekete-feh\u00e9r kontrasztj\u00e1val is kifejezhet\u0151 a term\u00e9szet v\u00e9gtelen gazdags\u00e1ga.<\/p><p>Pat\u00f3 K\u00e1roly alkot\u00e1sai k\u00fcl\u00f6nleges vizu\u00e1lis utaz\u00e1sra invit\u00e1lnak, ahol a t\u00e1voli t\u00e1jak \u00e9lm\u00e9nyei \u00e9s korunk legm\u00e9lyebb k\u00e9rd\u00e9sei tal\u00e1lkoznak a nyomatokon.<\/p><p>M\u0171v\u00e9szet\u00e9t vil\u00e1gszerte ismerik &#8211; t\u00f6bb, mint 30 orsz\u00e1gban mutatt\u00e1k m\u00e1r be alkot\u00e1sait -, munk\u00e1i sz\u00e1mos hazai \u00e9s nemzetk\u00f6zi k\u00f6zgy\u0171jtem\u00e9nyben megtal\u00e1lhat\u00f3ak.<\/p><p>A ki\u00e1ll\u00edt\u00e1s megval\u00f3sul\u00e1s\u00e1t a 12. Groteszk Trienn\u00e1l\u00e9n el\u00e9rt sikere h\u00edvta \u00e9letre, ahol Pat\u00f3 K\u00e1roly a Vaszary K\u00e9pt\u00e1r d\u00edjazottjak\u00e9nt kapott lehet\u0151s\u00e9get eme \u00f6n\u00e1ll\u00f3 bemutatkoz\u00e1sra.<\/p>\t\t\t\t\t\t<\/div>\n\t\t\t\t<\/div>\n\t\t\t\t\t<\/div>\n\t\t<\/div>\n\t\t\t\t\t\t\t<\/div>\n\t\t<\/section>\n\t\t\t\t<section class=\"elementor-section elementor-top-section elementor-element elementor-element-79dcb60 elementor-section-boxed elementor-section-height-default elementor-section-height-default\" data-id=\"79dcb60\" data-element_type=\"section\">\n\t\t\t\t\t\t<div class=\"elementor-container elementor-column-gap-default\">\n\t\t\t\t\t<div class=\"elementor-column elementor-col-100 elementor-top-column elementor-element elementor-element-98e9f5d\" data-id=\"98e9f5d\" data-element_type=\"column\">\n\t\t\t<div class=\"elementor-widget-wrap elementor-element-populated\">\n\t\t\t\t\t\t\t\t<div class=\"elementor-element elementor-element-f32a7b1 elementor-widget elementor-widget-image\" data-id=\"f32a7b1\" data-element_type=\"widget\" data-widget_type=\"image.default\">\n\t\t\t\t<div class=\"elementor-widget-container\">\n\t\t\t\t\t\t\t\t\t\t\t\t\t\t\t<img width=\"2048\" height=\"1365\" src=\"https:\/\/www.vaszarykeptar.hu\/wp-content\/uploads\/2026\/04\/DSC00163-masolat.jpg\" class=\"attachment-full size-full wp-image-7243\" alt=\"\" loading=\"lazy\" srcset=\"https:\/\/www.vaszarykeptar.hu\/wp-content\/uploads\/2026\/04\/DSC00163-masolat.jpg 2048w, https:\/\/www.vaszarykeptar.hu\/wp-content\/uploads\/2026\/04\/DSC00163-masolat-300x200.jpg 300w, https:\/\/www.vaszarykeptar.hu\/wp-content\/uploads\/2026\/04\/DSC00163-masolat-1024x683.jpg 1024w, https:\/\/www.vaszarykeptar.hu\/wp-content\/uploads\/2026\/04\/DSC00163-masolat-768x512.jpg 768w, https:\/\/www.vaszarykeptar.hu\/wp-content\/uploads\/2026\/04\/DSC00163-masolat-1536x1024.jpg 1536w\" sizes=\"(max-width: 2048px) 100vw, 2048px\" \/>\t\t\t\t\t\t\t\t\t\t\t\t\t\t\t<\/div>\n\t\t\t\t<\/div>\n\t\t\t\t\t<\/div>\n\t\t<\/div>\n\t\t\t\t\t\t\t<\/div>\n\t\t<\/section>\n\t\t\t\t\t\t\t<\/div>\n\t\t","protected":false},"excerpt":{"rendered":"<p>\u2026mint az \u00fat \u00e1lmaPAT\u00d3 K\u00c1ROLY grafikusm\u0171v\u00e9sz ki\u00e1ll\u00edt\u00e1sa 2026.03.21. \u2013 04.25. Pat\u00f3 K\u00e1roly grafikusm\u0171v\u00e9sz munk\u00e1ss\u00e1g\u00e1nak gerinc\u00e9t a term\u00e9szeti \u00e9lm\u00e9nyekb\u0151l t\u00e1pl\u00e1lkoz\u00f3, figurat\u00edv, m\u00e9gis egy\u00e9ni hangv\u00e9tel\u0171 grafika adja.&hellip;<\/p>\n","protected":false},"author":4,"featured_media":0,"parent":0,"menu_order":0,"comment_status":"closed","ping_status":"closed","template":"","meta":[],"_links":{"self":[{"href":"https:\/\/www.vaszarykeptar.hu\/index.php?rest_route=\/wp\/v2\/pages\/6198"}],"collection":[{"href":"https:\/\/www.vaszarykeptar.hu\/index.php?rest_route=\/wp\/v2\/pages"}],"about":[{"href":"https:\/\/www.vaszarykeptar.hu\/index.php?rest_route=\/wp\/v2\/types\/page"}],"author":[{"embeddable":true,"href":"https:\/\/www.vaszarykeptar.hu\/index.php?rest_route=\/wp\/v2\/users\/4"}],"replies":[{"embeddable":true,"href":"https:\/\/www.vaszarykeptar.hu\/index.php?rest_route=%2Fwp%2Fv2%2Fcomments&post=6198"}],"version-history":[{"count":269,"href":"https:\/\/www.vaszarykeptar.hu\/index.php?rest_route=\/wp\/v2\/pages\/6198\/revisions"}],"predecessor-version":[{"id":7246,"href":"https:\/\/www.vaszarykeptar.hu\/index.php?rest_route=\/wp\/v2\/pages\/6198\/revisions\/7246"}],"wp:attachment":[{"href":"https:\/\/www.vaszarykeptar.hu\/index.php?rest_route=%2Fwp%2Fv2%2Fmedia&parent=6198"}],"curies":[{"name":"wp","href":"https:\/\/api.w.org\/{rel}","templated":true}]}}