{"id":6245,"date":"2023-05-05T13:14:38","date_gmt":"2023-05-05T13:14:38","guid":{"rendered":"https:\/\/www.vaszarykeptar.hu\/?page_id=6245"},"modified":"2026-04-07T09:47:14","modified_gmt":"2026-04-07T09:47:14","slug":"shop","status":"publish","type":"page","link":"https:\/\/www.vaszarykeptar.hu\/?page_id=6245","title":{"rendered":"Shop"},"content":{"rendered":"\t\t<div data-elementor-type=\"wp-page\" data-elementor-id=\"6245\" class=\"elementor elementor-6245\">\n\t\t\t\t\t\t\t\t\t<section class=\"elementor-section elementor-top-section elementor-element elementor-element-bb6c3c5 elementor-section-boxed elementor-section-height-default elementor-section-height-default\" data-id=\"bb6c3c5\" data-element_type=\"section\">\n\t\t\t\t\t\t<div class=\"elementor-container elementor-column-gap-default\">\n\t\t\t\t\t<div class=\"elementor-column elementor-col-25 elementor-top-column elementor-element elementor-element-56f6c0e\" data-id=\"56f6c0e\" data-element_type=\"column\">\n\t\t\t<div class=\"elementor-widget-wrap elementor-element-populated\">\n\t\t\t\t\t\t\t\t<div class=\"elementor-element elementor-element-c32fa5c elementor-widget elementor-widget-button\" data-id=\"c32fa5c\" data-element_type=\"widget\" data-widget_type=\"button.default\">\n\t\t\t\t<div class=\"elementor-widget-container\">\n\t\t\t\t\t<div class=\"elementor-button-wrapper\">\n\t\t\t<a href=\"https:\/\/www.vaszarykeptar.hu\/?page_id=7010\" class=\"elementor-button-link elementor-button elementor-size-sm\" role=\"button\">\n\t\t\t\t\t\t<span class=\"elementor-button-content-wrapper\">\n\t\t\t\t\t\t<span class=\"elementor-button-text\">ARTUCCI<\/span>\n\t\t<\/span>\n\t\t\t\t\t<\/a>\n\t\t<\/div>\n\t\t\t\t<\/div>\n\t\t\t\t<\/div>\n\t\t\t\t\t<\/div>\n\t\t<\/div>\n\t\t\t\t<div class=\"elementor-column elementor-col-25 elementor-top-column elementor-element elementor-element-6aa1257\" data-id=\"6aa1257\" data-element_type=\"column\">\n\t\t\t<div class=\"elementor-widget-wrap elementor-element-populated\">\n\t\t\t\t\t\t\t\t<div class=\"elementor-element elementor-element-81a3c35 elementor-widget elementor-widget-button\" data-id=\"81a3c35\" data-element_type=\"widget\" data-widget_type=\"button.default\">\n\t\t\t\t<div class=\"elementor-widget-container\">\n\t\t\t\t\t<div class=\"elementor-button-wrapper\">\n\t\t\t<a href=\"https:\/\/www.vaszarykeptar.hu\/?page_id=7272\" class=\"elementor-button-link elementor-button elementor-size-sm\" role=\"button\">\n\t\t\t\t\t\t<span class=\"elementor-button-content-wrapper\">\n\t\t\t\t\t\t<span class=\"elementor-button-text\">PIETRA<\/span>\n\t\t<\/span>\n\t\t\t\t\t<\/a>\n\t\t<\/div>\n\t\t\t\t<\/div>\n\t\t\t\t<\/div>\n\t\t\t\t\t<\/div>\n\t\t<\/div>\n\t\t\t\t<div class=\"elementor-column elementor-col-25 elementor-top-column elementor-element elementor-element-cc17a2c\" data-id=\"cc17a2c\" data-element_type=\"column\">\n\t\t\t<div class=\"elementor-widget-wrap\">\n\t\t\t\t\t\t\t\t\t<\/div>\n\t\t<\/div>\n\t\t\t\t<div class=\"elementor-column elementor-col-25 elementor-top-column elementor-element elementor-element-576d653\" data-id=\"576d653\" data-element_type=\"column\">\n\t\t\t<div class=\"elementor-widget-wrap\">\n\t\t\t\t\t\t\t\t\t<\/div>\n\t\t<\/div>\n\t\t\t\t\t\t\t<\/div>\n\t\t<\/section>\n\t\t\t\t<section class=\"elementor-section elementor-top-section elementor-element elementor-element-39d9e47 elementor-section-boxed elementor-section-height-default elementor-section-height-default\" data-id=\"39d9e47\" data-element_type=\"section\">\n\t\t\t\t\t\t<div class=\"elementor-container elementor-column-gap-default\">\n\t\t\t\t\t<div class=\"elementor-column elementor-col-100 elementor-top-column elementor-element elementor-element-4beaae8\" data-id=\"4beaae8\" data-element_type=\"column\">\n\t\t\t<div class=\"elementor-widget-wrap elementor-element-populated\">\n\t\t\t\t\t\t\t\t<div class=\"elementor-element elementor-element-1ecf0fc elementor-widget-divider--view-line elementor-widget elementor-widget-divider\" data-id=\"1ecf0fc\" data-element_type=\"widget\" data-widget_type=\"divider.default\">\n\t\t\t\t<div class=\"elementor-widget-container\">\n\t\t\t<style>\/*! elementor - v3.12.2 - 23-04-2023 *\/\n.elementor-widget-divider{--divider-border-style:none;--divider-border-width:1px;--divider-color:#0c0d0e;--divider-icon-size:20px;--divider-element-spacing:10px;--divider-pattern-height:24px;--divider-pattern-size:20px;--divider-pattern-url:none;--divider-pattern-repeat:repeat-x}.elementor-widget-divider .elementor-divider{display:flex}.elementor-widget-divider .elementor-divider__text{font-size:15px;line-height:1;max-width:95%}.elementor-widget-divider .elementor-divider__element{margin:0 var(--divider-element-spacing);flex-shrink:0}.elementor-widget-divider .elementor-icon{font-size:var(--divider-icon-size)}.elementor-widget-divider .elementor-divider-separator{display:flex;margin:0;direction:ltr}.elementor-widget-divider--view-line_icon .elementor-divider-separator,.elementor-widget-divider--view-line_text .elementor-divider-separator{align-items:center}.elementor-widget-divider--view-line_icon .elementor-divider-separator:after,.elementor-widget-divider--view-line_icon .elementor-divider-separator:before,.elementor-widget-divider--view-line_text .elementor-divider-separator:after,.elementor-widget-divider--view-line_text .elementor-divider-separator:before{display:block;content:\"\";border-bottom:0;flex-grow:1;border-top:var(--divider-border-width) var(--divider-border-style) var(--divider-color)}.elementor-widget-divider--element-align-left .elementor-divider .elementor-divider-separator>.elementor-divider__svg:first-of-type{flex-grow:0;flex-shrink:100}.elementor-widget-divider--element-align-left .elementor-divider-separator:before{content:none}.elementor-widget-divider--element-align-left .elementor-divider__element{margin-left:0}.elementor-widget-divider--element-align-right .elementor-divider .elementor-divider-separator>.elementor-divider__svg:last-of-type{flex-grow:0;flex-shrink:100}.elementor-widget-divider--element-align-right .elementor-divider-separator:after{content:none}.elementor-widget-divider--element-align-right .elementor-divider__element{margin-right:0}.elementor-widget-divider:not(.elementor-widget-divider--view-line_text):not(.elementor-widget-divider--view-line_icon) .elementor-divider-separator{border-top:var(--divider-border-width) var(--divider-border-style) var(--divider-color)}.elementor-widget-divider--separator-type-pattern{--divider-border-style:none}.elementor-widget-divider--separator-type-pattern.elementor-widget-divider--view-line .elementor-divider-separator,.elementor-widget-divider--separator-type-pattern:not(.elementor-widget-divider--view-line) .elementor-divider-separator:after,.elementor-widget-divider--separator-type-pattern:not(.elementor-widget-divider--view-line) .elementor-divider-separator:before,.elementor-widget-divider--separator-type-pattern:not([class*=elementor-widget-divider--view]) .elementor-divider-separator{width:100%;min-height:var(--divider-pattern-height);-webkit-mask-size:var(--divider-pattern-size) 100%;mask-size:var(--divider-pattern-size) 100%;-webkit-mask-repeat:var(--divider-pattern-repeat);mask-repeat:var(--divider-pattern-repeat);background-color:var(--divider-color);-webkit-mask-image:var(--divider-pattern-url);mask-image:var(--divider-pattern-url)}.elementor-widget-divider--no-spacing{--divider-pattern-size:auto}.elementor-widget-divider--bg-round{--divider-pattern-repeat:round}.rtl .elementor-widget-divider .elementor-divider__text{direction:rtl}.e-con-inner>.elementor-widget-divider,.e-con>.elementor-widget-divider{width:var(--container-widget-width,100%);--flex-grow:var(--container-widget-flex-grow)}<\/style>\t\t<div class=\"elementor-divider\">\n\t\t\t<span class=\"elementor-divider-separator\">\n\t\t\t\t\t\t<\/span>\n\t\t<\/div>\n\t\t\t\t<\/div>\n\t\t\t\t<\/div>\n\t\t\t\t\t<\/div>\n\t\t<\/div>\n\t\t\t\t\t\t\t<\/div>\n\t\t<\/section>\n\t\t\t\t<section class=\"elementor-section elementor-top-section elementor-element elementor-element-70fc091 elementor-section-boxed elementor-section-height-default elementor-section-height-default\" data-id=\"70fc091\" data-element_type=\"section\">\n\t\t\t\t\t\t<div class=\"elementor-container elementor-column-gap-default\">\n\t\t\t\t\t<div class=\"elementor-column elementor-col-100 elementor-top-column elementor-element elementor-element-194fc4d\" data-id=\"194fc4d\" data-element_type=\"column\">\n\t\t\t<div class=\"elementor-widget-wrap elementor-element-populated\">\n\t\t\t\t\t\t\t\t<div class=\"elementor-element elementor-element-6b0cfd8 elementor-widget elementor-widget-text-editor\" data-id=\"6b0cfd8\" data-element_type=\"widget\" data-widget_type=\"text-editor.default\">\n\t\t\t\t<div class=\"elementor-widget-container\">\n\t\t\t<style>\/*! elementor - v3.12.2 - 23-04-2023 *\/\n.elementor-widget-text-editor.elementor-drop-cap-view-stacked .elementor-drop-cap{background-color:#69727d;color:#fff}.elementor-widget-text-editor.elementor-drop-cap-view-framed .elementor-drop-cap{color:#69727d;border:3px solid;background-color:transparent}.elementor-widget-text-editor:not(.elementor-drop-cap-view-default) .elementor-drop-cap{margin-top:8px}.elementor-widget-text-editor:not(.elementor-drop-cap-view-default) .elementor-drop-cap-letter{width:1em;height:1em}.elementor-widget-text-editor .elementor-drop-cap{float:left;text-align:center;line-height:1;font-size:50px}.elementor-widget-text-editor .elementor-drop-cap-letter{display:inline-block}<\/style>\t\t\t\t<p style=\"text-align:justify;\">A ki\u00e1ll\u00edt\u00f3t\u00e9r szerves r\u00e9szek\u00e9nt m\u0171k\u00f6d\u0151 K\u00e9pt\u00e1r Shopban a min\u0151s\u00e9gi v\u00e1rosi szuven\u00edrek mellett a r\u00e9gi\u00f3hoz k\u00f6t\u0151d\u0151 k\u00e9pz\u0151- \u00e9s iparm\u0171v\u00e9szek alkot\u00e1saib\u00f3l is v\u00e1logathat. K\u00edn\u00e1latunkban nagy hangs\u00falyt fektet\u00fcnk az \u00fajrahasznos\u00edt\u00e1sra \u00e9s a zero waste szeml\u00e9letre, illetve az egyedi, k\u00e9zm\u0171ves term\u00e9kekre &#8211; legyen sz\u00f3 ak\u00e1r h\u00e9tk\u00f6znapi haszn\u00e1lati t\u00e1rgyakr\u00f3l vagy kifinomult diz\u00e1jner darabokr\u00f3l. K\u00e9pt\u00e1runk kor\u00e1bbi, nagyszab\u00e1s\u00fa ki\u00e1ll\u00edt\u00e1sinak arch\u00edv katal\u00f3gusai, illetve szakk\u00f6nyvek \u00e9s helyt\u00f6rt\u00e9neti kiadv\u00e1nyok is megv\u00e1s\u00e1rolhat\u00f3ak.<\/p>\n<p style=\"text-align:justify;\">K\u00edn\u00e1latunk folyamatosan meg\u00fajul &#8211; jellemz\u0151en az adott \u00e9vszakra, vagy egy-egy k\u00f6zelg\u0151 ki\u00e1ll\u00edt\u00e1sra, rendezv\u00e9nyre koncentr\u00e1lva.<\/p>\n<p class=\"x_MsoNormal\">L\u00e1togasson el hozz\u00e1nk \u00e9s ismerje meg tervez\u0151inket!<\/p>\t\t\t\t\t\t<\/div>\n\t\t\t\t<\/div>\n\t\t\t\t\t<\/div>\n\t\t<\/div>\n\t\t\t\t\t\t\t<\/div>\n\t\t<\/section>\n\t\t\t\t<section class=\"elementor-section elementor-top-section elementor-element elementor-element-d47b0fd elementor-section-boxed elementor-section-height-default elementor-section-height-default\" data-id=\"d47b0fd\" data-element_type=\"section\">\n\t\t\t\t\t\t<div class=\"elementor-container elementor-column-gap-default\">\n\t\t\t\t\t<div class=\"elementor-column elementor-col-100 elementor-top-column elementor-element elementor-element-00e814f\" data-id=\"00e814f\" data-element_type=\"column\">\n\t\t\t<div class=\"elementor-widget-wrap elementor-element-populated\">\n\t\t\t\t\t\t\t\t<div class=\"elementor-element elementor-element-1031c9f elementor-widget elementor-widget-image\" data-id=\"1031c9f\" data-element_type=\"widget\" data-widget_type=\"image.default\">\n\t\t\t\t<div class=\"elementor-widget-container\">\n\t\t\t<style>\/*! elementor - v3.12.2 - 23-04-2023 *\/\n.elementor-widget-image{text-align:center}.elementor-widget-image a{display:inline-block}.elementor-widget-image a img[src$=\".svg\"]{width:48px}.elementor-widget-image img{vertical-align:middle;display:inline-block}<\/style>\t\t\t\t\t\t\t\t\t\t\t\t<img width=\"1920\" height=\"1280\" src=\"https:\/\/www.vaszarykeptar.hu\/wp-content\/uploads\/2023\/05\/vaszary_shop.jpg\" class=\"attachment-full size-full wp-image-6252\" alt=\"\" loading=\"lazy\" srcset=\"https:\/\/www.vaszarykeptar.hu\/wp-content\/uploads\/2023\/05\/vaszary_shop.jpg 1920w, https:\/\/www.vaszarykeptar.hu\/wp-content\/uploads\/2023\/05\/vaszary_shop-300x200.jpg 300w, https:\/\/www.vaszarykeptar.hu\/wp-content\/uploads\/2023\/05\/vaszary_shop-1024x683.jpg 1024w, https:\/\/www.vaszarykeptar.hu\/wp-content\/uploads\/2023\/05\/vaszary_shop-768x512.jpg 768w, https:\/\/www.vaszarykeptar.hu\/wp-content\/uploads\/2023\/05\/vaszary_shop-1536x1024.jpg 1536w, https:\/\/www.vaszarykeptar.hu\/wp-content\/uploads\/2023\/05\/vaszary_shop-450x300.jpg 450w, https:\/\/www.vaszarykeptar.hu\/wp-content\/uploads\/2023\/05\/vaszary_shop-90x60.jpg 90w\" sizes=\"(max-width: 1920px) 100vw, 1920px\" \/>\t\t\t\t\t\t\t\t\t\t\t\t\t\t\t<\/div>\n\t\t\t\t<\/div>\n\t\t\t\t\t<\/div>\n\t\t<\/div>\n\t\t\t\t\t\t\t<\/div>\n\t\t<\/section>\n\t\t\t\t<section class=\"elementor-section elementor-top-section elementor-element elementor-element-6348d5d elementor-section-boxed elementor-section-height-default elementor-section-height-default\" data-id=\"6348d5d\" data-element_type=\"section\">\n\t\t\t\t\t\t<div class=\"elementor-container elementor-column-gap-default\">\n\t\t\t\t\t<div class=\"elementor-column elementor-col-100 elementor-top-column elementor-element elementor-element-9191dbf\" data-id=\"9191dbf\" data-element_type=\"column\">\n\t\t\t<div class=\"elementor-widget-wrap elementor-element-populated\">\n\t\t\t\t\t\t\t\t<div class=\"elementor-element elementor-element-61ea8f4 elementor-widget elementor-widget-text-editor\" data-id=\"61ea8f4\" data-element_type=\"widget\" data-widget_type=\"text-editor.default\">\n\t\t\t\t<div class=\"elementor-widget-container\">\n\t\t\t\t\t\t\t<p>Csiky Gergely Sz\u00ednh\u00e1z \u00e9s Vir\u00e1gos Kaposv\u00e1r szuven\u00edrek &#8211; b\u00f6gr\u00e9k, v\u00e1szont\u00e1sk\u00e1k, noteszek, eserny\u0151k, kiadv\u00e1nyok.<\/p>\t\t\t\t\t\t<\/div>\n\t\t\t\t<\/div>\n\t\t\t\t\t<\/div>\n\t\t<\/div>\n\t\t\t\t\t\t\t<\/div>\n\t\t<\/section>\n\t\t\t\t<section class=\"elementor-section elementor-top-section elementor-element elementor-element-4d331e8 elementor-section-boxed elementor-section-height-default elementor-section-height-default\" data-id=\"4d331e8\" data-element_type=\"section\">\n\t\t\t\t\t\t<div class=\"elementor-container elementor-column-gap-default\">\n\t\t\t\t\t<div class=\"elementor-column elementor-col-100 elementor-top-column elementor-element elementor-element-62ab749\" data-id=\"62ab749\" data-element_type=\"column\">\n\t\t\t<div class=\"elementor-widget-wrap elementor-element-populated\">\n\t\t\t\t\t\t\t\t<div class=\"elementor-element elementor-element-e8ab50e elementor-widget elementor-widget-image-gallery\" data-id=\"e8ab50e\" data-element_type=\"widget\" data-widget_type=\"image-gallery.default\">\n\t\t\t\t<div class=\"elementor-widget-container\">\n\t\t\t<style>\/*! elementor - v3.12.2 - 23-04-2023 *\/\n.elementor-image-gallery .gallery-item{display:inline-block;text-align:center;vertical-align:top;width:100%;max-width:100%;margin:0 auto}.elementor-image-gallery .gallery-item img{margin:0 auto}.elementor-image-gallery .gallery-item .gallery-caption{margin:0}.elementor-image-gallery figure img{display:block}.elementor-image-gallery figure figcaption{width:100%}.gallery-spacing-custom .elementor-image-gallery .gallery-icon{padding:0}@media (min-width:768px){.elementor-image-gallery .gallery-columns-2 .gallery-item{max-width:50%}.elementor-image-gallery .gallery-columns-3 .gallery-item{max-width:33.33%}.elementor-image-gallery .gallery-columns-4 .gallery-item{max-width:25%}.elementor-image-gallery .gallery-columns-5 .gallery-item{max-width:20%}.elementor-image-gallery .gallery-columns-6 .gallery-item{max-width:16.666%}.elementor-image-gallery .gallery-columns-7 .gallery-item{max-width:14.28%}.elementor-image-gallery .gallery-columns-8 .gallery-item{max-width:12.5%}.elementor-image-gallery .gallery-columns-9 .gallery-item{max-width:11.11%}.elementor-image-gallery .gallery-columns-10 .gallery-item{max-width:10%}}@media (min-width:480px) and (max-width:767px){.elementor-image-gallery .gallery.gallery-columns-2 .gallery-item,.elementor-image-gallery .gallery.gallery-columns-3 .gallery-item,.elementor-image-gallery .gallery.gallery-columns-4 .gallery-item,.elementor-image-gallery .gallery.gallery-columns-5 .gallery-item,.elementor-image-gallery .gallery.gallery-columns-6 .gallery-item,.elementor-image-gallery .gallery.gallery-columns-7 .gallery-item,.elementor-image-gallery .gallery.gallery-columns-8 .gallery-item,.elementor-image-gallery .gallery.gallery-columns-9 .gallery-item,.elementor-image-gallery .gallery.gallery-columns-10 .gallery-item{max-width:50%}}@media (max-width:479px){.elementor-image-gallery .gallery.gallery-columns-2 .gallery-item,.elementor-image-gallery .gallery.gallery-columns-3 .gallery-item,.elementor-image-gallery .gallery.gallery-columns-4 .gallery-item,.elementor-image-gallery .gallery.gallery-columns-5 .gallery-item,.elementor-image-gallery .gallery.gallery-columns-6 .gallery-item,.elementor-image-gallery .gallery.gallery-columns-7 .gallery-item,.elementor-image-gallery .gallery.gallery-columns-8 .gallery-item,.elementor-image-gallery .gallery.gallery-columns-9 .gallery-item,.elementor-image-gallery .gallery.gallery-columns-10 .gallery-item{max-width:100%}}<\/style>\t\t<div class=\"elementor-image-gallery\">\n\t\t\t<div id='gallery-1' class='gallery galleryid-6245 gallery-columns-4 gallery-size-medium'><figure class='gallery-item'>\n\t\t\t<div class='gallery-icon landscape'>\n\t\t\t\t<a data-elementor-open-lightbox=\"yes\" data-elementor-lightbox-slideshow=\"e8ab50e\" data-elementor-lightbox-title=\"00_termeszetesen_csiky\" data-e-action-hash=\"#elementor-action%3Aaction%3Dlightbox%26settings%3DeyJpZCI6NzEyNywidXJsIjoiaHR0cHM6XC9cL3d3dy52YXN6YXJ5a2VwdGFyLmh1XC93cC1jb250ZW50XC91cGxvYWRzXC8yMDI1XC8wOVwvMDBfdGVybWVzemV0ZXNlbl9jc2lreS5qcGciLCJzbGlkZXNob3ciOiJlOGFiNTBlIn0%3D\" href='https:\/\/www.vaszarykeptar.hu\/wp-content\/uploads\/2025\/09\/00_termeszetesen_csiky.jpg'><img width=\"300\" height=\"200\" src=\"https:\/\/www.vaszarykeptar.hu\/wp-content\/uploads\/2025\/09\/00_termeszetesen_csiky-300x200.jpg\" class=\"attachment-medium size-medium\" alt=\"\" loading=\"lazy\" srcset=\"https:\/\/www.vaszarykeptar.hu\/wp-content\/uploads\/2025\/09\/00_termeszetesen_csiky-300x200.jpg 300w, https:\/\/www.vaszarykeptar.hu\/wp-content\/uploads\/2025\/09\/00_termeszetesen_csiky-1024x683.jpg 1024w, https:\/\/www.vaszarykeptar.hu\/wp-content\/uploads\/2025\/09\/00_termeszetesen_csiky-768x512.jpg 768w, https:\/\/www.vaszarykeptar.hu\/wp-content\/uploads\/2025\/09\/00_termeszetesen_csiky-1536x1025.jpg 1536w, https:\/\/www.vaszarykeptar.hu\/wp-content\/uploads\/2025\/09\/00_termeszetesen_csiky.jpg 1920w\" sizes=\"(max-width: 300px) 100vw, 300px\" \/><\/a>\n\t\t\t<\/div><\/figure><figure class='gallery-item'>\n\t\t\t<div class='gallery-icon landscape'>\n\t\t\t\t<a data-elementor-open-lightbox=\"yes\" data-elementor-lightbox-slideshow=\"e8ab50e\" data-elementor-lightbox-title=\"00_kaposvar_bogre\" data-e-action-hash=\"#elementor-action%3Aaction%3Dlightbox%26settings%3DeyJpZCI6NzEyNCwidXJsIjoiaHR0cHM6XC9cL3d3dy52YXN6YXJ5a2VwdGFyLmh1XC93cC1jb250ZW50XC91cGxvYWRzXC8yMDI1XC8wOVwvMDBfa2Fwb3N2YXJfYm9ncmUuanBnIiwic2xpZGVzaG93IjoiZThhYjUwZSJ9\" href='https:\/\/www.vaszarykeptar.hu\/wp-content\/uploads\/2025\/09\/00_kaposvar_bogre.jpg'><img width=\"300\" height=\"200\" src=\"https:\/\/www.vaszarykeptar.hu\/wp-content\/uploads\/2025\/09\/00_kaposvar_bogre-300x200.jpg\" class=\"attachment-medium size-medium\" alt=\"\" loading=\"lazy\" srcset=\"https:\/\/www.vaszarykeptar.hu\/wp-content\/uploads\/2025\/09\/00_kaposvar_bogre-300x200.jpg 300w, https:\/\/www.vaszarykeptar.hu\/wp-content\/uploads\/2025\/09\/00_kaposvar_bogre-1024x683.jpg 1024w, https:\/\/www.vaszarykeptar.hu\/wp-content\/uploads\/2025\/09\/00_kaposvar_bogre-768x512.jpg 768w, https:\/\/www.vaszarykeptar.hu\/wp-content\/uploads\/2025\/09\/00_kaposvar_bogre-1536x1025.jpg 1536w, https:\/\/www.vaszarykeptar.hu\/wp-content\/uploads\/2025\/09\/00_kaposvar_bogre.jpg 1920w\" sizes=\"(max-width: 300px) 100vw, 300px\" \/><\/a>\n\t\t\t<\/div><\/figure><figure class='gallery-item'>\n\t\t\t<div class='gallery-icon landscape'>\n\t\t\t\t<a data-elementor-open-lightbox=\"yes\" data-elementor-lightbox-slideshow=\"e8ab50e\" data-elementor-lightbox-title=\"00_koposvar_notesz\" data-e-action-hash=\"#elementor-action%3Aaction%3Dlightbox%26settings%3DeyJpZCI6NzEyNiwidXJsIjoiaHR0cHM6XC9cL3d3dy52YXN6YXJ5a2VwdGFyLmh1XC93cC1jb250ZW50XC91cGxvYWRzXC8yMDI1XC8wOVwvMDBfa29wb3N2YXJfbm90ZXN6LmpwZyIsInNsaWRlc2hvdyI6ImU4YWI1MGUifQ%3D%3D\" href='https:\/\/www.vaszarykeptar.hu\/wp-content\/uploads\/2025\/09\/00_koposvar_notesz.jpg'><img width=\"300\" height=\"200\" src=\"https:\/\/www.vaszarykeptar.hu\/wp-content\/uploads\/2025\/09\/00_koposvar_notesz-300x200.jpg\" class=\"attachment-medium size-medium\" alt=\"\" loading=\"lazy\" srcset=\"https:\/\/www.vaszarykeptar.hu\/wp-content\/uploads\/2025\/09\/00_koposvar_notesz-300x200.jpg 300w, https:\/\/www.vaszarykeptar.hu\/wp-content\/uploads\/2025\/09\/00_koposvar_notesz-1024x683.jpg 1024w, https:\/\/www.vaszarykeptar.hu\/wp-content\/uploads\/2025\/09\/00_koposvar_notesz-768x512.jpg 768w, https:\/\/www.vaszarykeptar.hu\/wp-content\/uploads\/2025\/09\/00_koposvar_notesz-1536x1025.jpg 1536w, https:\/\/www.vaszarykeptar.hu\/wp-content\/uploads\/2025\/09\/00_koposvar_notesz.jpg 1920w\" sizes=\"(max-width: 300px) 100vw, 300px\" \/><\/a>\n\t\t\t<\/div><\/figure><figure class='gallery-item'>\n\t\t\t<div class='gallery-icon landscape'>\n\t\t\t\t<a data-elementor-open-lightbox=\"yes\" data-elementor-lightbox-slideshow=\"e8ab50e\" data-elementor-lightbox-title=\"00_kaposvar_kendo\" data-e-action-hash=\"#elementor-action%3Aaction%3Dlightbox%26settings%3DeyJpZCI6NzEyNSwidXJsIjoiaHR0cHM6XC9cL3d3dy52YXN6YXJ5a2VwdGFyLmh1XC93cC1jb250ZW50XC91cGxvYWRzXC8yMDI1XC8wOVwvMDBfa2Fwb3N2YXJfa2VuZG8tc2NhbGVkLmpwZyIsInNsaWRlc2hvdyI6ImU4YWI1MGUifQ%3D%3D\" href='https:\/\/www.vaszarykeptar.hu\/wp-content\/uploads\/2025\/09\/00_kaposvar_kendo-scaled.jpg'><img width=\"300\" height=\"200\" src=\"https:\/\/www.vaszarykeptar.hu\/wp-content\/uploads\/2025\/09\/00_kaposvar_kendo-300x200.jpg\" class=\"attachment-medium size-medium\" alt=\"\" loading=\"lazy\" srcset=\"https:\/\/www.vaszarykeptar.hu\/wp-content\/uploads\/2025\/09\/00_kaposvar_kendo-300x200.jpg 300w, https:\/\/www.vaszarykeptar.hu\/wp-content\/uploads\/2025\/09\/00_kaposvar_kendo-1024x683.jpg 1024w, https:\/\/www.vaszarykeptar.hu\/wp-content\/uploads\/2025\/09\/00_kaposvar_kendo-768x513.jpg 768w, https:\/\/www.vaszarykeptar.hu\/wp-content\/uploads\/2025\/09\/00_kaposvar_kendo-1536x1025.jpg 1536w, https:\/\/www.vaszarykeptar.hu\/wp-content\/uploads\/2025\/09\/00_kaposvar_kendo-2048x1367.jpg 2048w\" sizes=\"(max-width: 300px) 100vw, 300px\" \/><\/a>\n\t\t\t<\/div><\/figure>\n\t\t<\/div>\n\t\t<\/div>\n\t\t\t\t<\/div>\n\t\t\t\t<\/div>\n\t\t\t\t\t<\/div>\n\t\t<\/div>\n\t\t\t\t\t\t\t<\/div>\n\t\t<\/section>\n\t\t\t\t\t\t\t<\/div>\n\t\t","protected":false},"excerpt":{"rendered":"<p>ARTUCCI PIETRA A ki\u00e1ll\u00edt\u00f3t\u00e9r szerves r\u00e9szek\u00e9nt m\u0171k\u00f6d\u0151 K\u00e9pt\u00e1r Shopban a min\u0151s\u00e9gi v\u00e1rosi szuven\u00edrek mellett a r\u00e9gi\u00f3hoz k\u00f6t\u0151d\u0151 k\u00e9pz\u0151- \u00e9s iparm\u0171v\u00e9szek alkot\u00e1saib\u00f3l is v\u00e1logathat. K\u00edn\u00e1latunkban nagy&hellip;<\/p>\n","protected":false},"author":4,"featured_media":0,"parent":0,"menu_order":0,"comment_status":"closed","ping_status":"closed","template":"","meta":[],"_links":{"self":[{"href":"https:\/\/www.vaszarykeptar.hu\/index.php?rest_route=\/wp\/v2\/pages\/6245"}],"collection":[{"href":"https:\/\/www.vaszarykeptar.hu\/index.php?rest_route=\/wp\/v2\/pages"}],"about":[{"href":"https:\/\/www.vaszarykeptar.hu\/index.php?rest_route=\/wp\/v2\/types\/page"}],"author":[{"embeddable":true,"href":"https:\/\/www.vaszarykeptar.hu\/index.php?rest_route=\/wp\/v2\/users\/4"}],"replies":[{"embeddable":true,"href":"https:\/\/www.vaszarykeptar.hu\/index.php?rest_route=%2Fwp%2Fv2%2Fcomments&post=6245"}],"version-history":[{"count":61,"href":"https:\/\/www.vaszarykeptar.hu\/index.php?rest_route=\/wp\/v2\/pages\/6245\/revisions"}],"predecessor-version":[{"id":7307,"href":"https:\/\/www.vaszarykeptar.hu\/index.php?rest_route=\/wp\/v2\/pages\/6245\/revisions\/7307"}],"wp:attachment":[{"href":"https:\/\/www.vaszarykeptar.hu\/index.php?rest_route=%2Fwp%2Fv2%2Fmedia&parent=6245"}],"curies":[{"name":"wp","href":"https:\/\/api.w.org\/{rel}","templated":true}]}}