{"id":7272,"date":"2026-04-07T09:34:56","date_gmt":"2026-04-07T09:34:56","guid":{"rendered":"https:\/\/www.vaszarykeptar.hu\/?page_id=7272"},"modified":"2026-04-07T09:49:22","modified_gmt":"2026-04-07T09:49:22","slug":"pietra","status":"publish","type":"page","link":"https:\/\/www.vaszarykeptar.hu\/?page_id=7272","title":{"rendered":"PIETRA"},"content":{"rendered":"\t\t<div data-elementor-type=\"wp-page\" data-elementor-id=\"7272\" class=\"elementor elementor-7272\">\n\t\t\t\t\t\t\t\t\t<section class=\"elementor-section elementor-top-section elementor-element elementor-element-8094fa1 elementor-section-boxed elementor-section-height-default elementor-section-height-default\" data-id=\"8094fa1\" data-element_type=\"section\">\n\t\t\t\t\t\t<div class=\"elementor-container elementor-column-gap-default\">\n\t\t\t\t\t<div class=\"elementor-column elementor-col-100 elementor-top-column elementor-element elementor-element-924d1ae\" data-id=\"924d1ae\" data-element_type=\"column\">\n\t\t\t<div class=\"elementor-widget-wrap elementor-element-populated\">\n\t\t\t\t\t\t\t\t<div class=\"elementor-element elementor-element-82e7c3e elementor-widget elementor-widget-image\" data-id=\"82e7c3e\" data-element_type=\"widget\" data-widget_type=\"image.default\">\n\t\t\t\t<div class=\"elementor-widget-container\">\n\t\t\t<style>\/*! elementor - v3.12.2 - 23-04-2023 *\/\n.elementor-widget-image{text-align:center}.elementor-widget-image a{display:inline-block}.elementor-widget-image a img[src$=\".svg\"]{width:48px}.elementor-widget-image img{vertical-align:middle;display:inline-block}<\/style>\t\t\t\t\t\t\t\t\t\t\t\t<img width=\"2048\" height=\"1365\" src=\"https:\/\/www.vaszarykeptar.hu\/wp-content\/uploads\/2026\/04\/borito-kep.jpg\" class=\"attachment-full size-full wp-image-7274\" alt=\"\" loading=\"lazy\" srcset=\"https:\/\/www.vaszarykeptar.hu\/wp-content\/uploads\/2026\/04\/borito-kep.jpg 2048w, https:\/\/www.vaszarykeptar.hu\/wp-content\/uploads\/2026\/04\/borito-kep-300x200.jpg 300w, https:\/\/www.vaszarykeptar.hu\/wp-content\/uploads\/2026\/04\/borito-kep-1024x683.jpg 1024w, https:\/\/www.vaszarykeptar.hu\/wp-content\/uploads\/2026\/04\/borito-kep-768x512.jpg 768w, https:\/\/www.vaszarykeptar.hu\/wp-content\/uploads\/2026\/04\/borito-kep-1536x1024.jpg 1536w\" sizes=\"(max-width: 2048px) 100vw, 2048px\" \/>\t\t\t\t\t\t\t\t\t\t\t\t\t\t\t<\/div>\n\t\t\t\t<\/div>\n\t\t\t\t\t<\/div>\n\t\t<\/div>\n\t\t\t\t\t\t\t<\/div>\n\t\t<\/section>\n\t\t\t\t<section class=\"elementor-section elementor-top-section elementor-element elementor-element-7391482 elementor-section-boxed elementor-section-height-default elementor-section-height-default\" data-id=\"7391482\" data-element_type=\"section\">\n\t\t\t\t\t\t<div class=\"elementor-container elementor-column-gap-default\">\n\t\t\t\t\t<div class=\"elementor-column elementor-col-100 elementor-top-column elementor-element elementor-element-78f0901\" data-id=\"78f0901\" data-element_type=\"column\">\n\t\t\t<div class=\"elementor-widget-wrap elementor-element-populated\">\n\t\t\t\t\t\t\t\t<div class=\"elementor-element elementor-element-46a03bc elementor-widget elementor-widget-text-editor\" data-id=\"46a03bc\" data-element_type=\"widget\" data-widget_type=\"text-editor.default\">\n\t\t\t\t<div class=\"elementor-widget-container\">\n\t\t\t<style>\/*! elementor - v3.12.2 - 23-04-2023 *\/\n.elementor-widget-text-editor.elementor-drop-cap-view-stacked .elementor-drop-cap{background-color:#69727d;color:#fff}.elementor-widget-text-editor.elementor-drop-cap-view-framed .elementor-drop-cap{color:#69727d;border:3px solid;background-color:transparent}.elementor-widget-text-editor:not(.elementor-drop-cap-view-default) .elementor-drop-cap{margin-top:8px}.elementor-widget-text-editor:not(.elementor-drop-cap-view-default) .elementor-drop-cap-letter{width:1em;height:1em}.elementor-widget-text-editor .elementor-drop-cap{float:left;text-align:center;line-height:1;font-size:50px}.elementor-widget-text-editor .elementor-drop-cap-letter{display:inline-block}<\/style>\t\t\t\t<p style=\"text-align: center;\"><strong>PIETRA<\/strong><\/p>\t\t\t\t\t\t<\/div>\n\t\t\t\t<\/div>\n\t\t\t\t\t<\/div>\n\t\t<\/div>\n\t\t\t\t\t\t\t<\/div>\n\t\t<\/section>\n\t\t\t\t<section class=\"elementor-section elementor-top-section elementor-element elementor-element-34b3765 elementor-section-boxed elementor-section-height-default elementor-section-height-default\" data-id=\"34b3765\" data-element_type=\"section\">\n\t\t\t\t\t\t<div class=\"elementor-container elementor-column-gap-default\">\n\t\t\t\t\t<div class=\"elementor-column elementor-col-100 elementor-top-column elementor-element elementor-element-2beb0ed\" data-id=\"2beb0ed\" data-element_type=\"column\">\n\t\t\t<div class=\"elementor-widget-wrap elementor-element-populated\">\n\t\t\t\t\t\t\t\t<div class=\"elementor-element elementor-element-3244ef3 elementor-widget elementor-widget-text-editor\" data-id=\"3244ef3\" data-element_type=\"widget\" data-widget_type=\"text-editor.default\">\n\t\t\t\t<div class=\"elementor-widget-container\">\n\t\t\t\t\t\t\t<p style=\"text-align: center;\">A Pietra \u00e9kszerek betonb\u00f3l k\u00e9sz\u00fclnek gyakran f\u00e9m \u00e9s b\u0151r kieg\u00e9sz\u00edt\u0151kkel kombin\u00e1lva.<\/p><p style=\"text-align: center;\">A m\u00e1rka meg\u00e1lmod\u00f3ja P\u00e1lh\u00e1zi Petra, aki k\u00e9t \u00e9vvel ezel\u0151tt kezdett bele az \u00e9kszerk\u00e9sz\u00edt\u00e9sbe. Petra eredetileg fotogr\u00e1fusk\u00e9nt, majd k\u00e9s\u0151bb m\u0171v\u00e9szett\u00f6rt\u00e9n\u00e9szk\u00e9nt v\u00e9gzett, de egy id\u0151 ut\u00e1n az irodai \u00e9let ingerszeg\u00e9ny mindennapjaib\u00f3l v\u00e1gy\u00f3dni kezdett valami kreat\u00edv foglalkoz\u00e1s ir\u00e1nt. Ekkor kezdett el k\u00eds\u00e9rletezni a betonnal \u00e9s az \u00e9kszerk\u00e9sz\u00edt\u00e9ssel. Ez, a kezdetben hobbik\u00e9nt m\u0171k\u00f6d\u0151 projekt apr\u00e1nk\u00e9nt n\u0151tte ki mag\u00e1t, \u00e9s Petra az\u00f3ta is azon dolgozik, hogy az \u00e9kszerek \u00f6r\u00f6met szerezzenek m\u00e1soknak is.<\/p><p style=\"text-align: center;\">A Pietra \u00e9kszereket a legink\u00e1bb a sz\u00ednek \u00e9s az egyedi text\u00far\u00e1k jellemzik. A term\u00e9kek minden darabja egyedi \u00e9s megism\u00e9telhetetlen, hiszen k\u00e9sz\u00edt\u00e9s\u00fck sor\u00e1n a tervez\u00e9s mellett szerepet kap a v\u00e9letlenszer\u0171s\u00e9g is, ami m\u00e9g izgalmasabb\u00e1 teszi a v\u00e9geredm\u00e9nyt. Annak ellen\u00e9re, hogy a betonr\u00f3l egyb\u0151l valami neh\u00e9z \u00e9s sz\u00fcrke jut esz\u00fcnkbe, Petra \u00e9kszerei kifejezetten a vid\u00e1ms\u00e1got t\u00fckr\u00f6zik, fiatalosak \u00e9s vag\u00e1nyak.<\/p>\t\t\t\t\t\t<\/div>\n\t\t\t\t<\/div>\n\t\t\t\t\t<\/div>\n\t\t<\/div>\n\t\t\t\t\t\t\t<\/div>\n\t\t<\/section>\n\t\t\t\t<section class=\"elementor-section elementor-top-section elementor-element elementor-element-ee823f4 elementor-section-boxed elementor-section-height-default elementor-section-height-default\" data-id=\"ee823f4\" data-element_type=\"section\">\n\t\t\t\t\t\t<div class=\"elementor-container elementor-column-gap-default\">\n\t\t\t\t\t<div class=\"elementor-column elementor-col-100 elementor-top-column elementor-element elementor-element-a465da6\" data-id=\"a465da6\" data-element_type=\"column\">\n\t\t\t<div class=\"elementor-widget-wrap elementor-element-populated\">\n\t\t\t\t\t\t\t\t<div class=\"elementor-element elementor-element-b853c7e elementor-widget elementor-widget-image-gallery\" data-id=\"b853c7e\" data-element_type=\"widget\" data-widget_type=\"image-gallery.default\">\n\t\t\t\t<div class=\"elementor-widget-container\">\n\t\t\t<style>\/*! elementor - v3.12.2 - 23-04-2023 *\/\n.elementor-image-gallery .gallery-item{display:inline-block;text-align:center;vertical-align:top;width:100%;max-width:100%;margin:0 auto}.elementor-image-gallery .gallery-item img{margin:0 auto}.elementor-image-gallery .gallery-item .gallery-caption{margin:0}.elementor-image-gallery figure img{display:block}.elementor-image-gallery figure figcaption{width:100%}.gallery-spacing-custom .elementor-image-gallery .gallery-icon{padding:0}@media (min-width:768px){.elementor-image-gallery .gallery-columns-2 .gallery-item{max-width:50%}.elementor-image-gallery .gallery-columns-3 .gallery-item{max-width:33.33%}.elementor-image-gallery .gallery-columns-4 .gallery-item{max-width:25%}.elementor-image-gallery .gallery-columns-5 .gallery-item{max-width:20%}.elementor-image-gallery .gallery-columns-6 .gallery-item{max-width:16.666%}.elementor-image-gallery .gallery-columns-7 .gallery-item{max-width:14.28%}.elementor-image-gallery .gallery-columns-8 .gallery-item{max-width:12.5%}.elementor-image-gallery .gallery-columns-9 .gallery-item{max-width:11.11%}.elementor-image-gallery .gallery-columns-10 .gallery-item{max-width:10%}}@media (min-width:480px) and (max-width:767px){.elementor-image-gallery .gallery.gallery-columns-2 .gallery-item,.elementor-image-gallery .gallery.gallery-columns-3 .gallery-item,.elementor-image-gallery .gallery.gallery-columns-4 .gallery-item,.elementor-image-gallery .gallery.gallery-columns-5 .gallery-item,.elementor-image-gallery .gallery.gallery-columns-6 .gallery-item,.elementor-image-gallery .gallery.gallery-columns-7 .gallery-item,.elementor-image-gallery .gallery.gallery-columns-8 .gallery-item,.elementor-image-gallery .gallery.gallery-columns-9 .gallery-item,.elementor-image-gallery .gallery.gallery-columns-10 .gallery-item{max-width:50%}}@media (max-width:479px){.elementor-image-gallery .gallery.gallery-columns-2 .gallery-item,.elementor-image-gallery .gallery.gallery-columns-3 .gallery-item,.elementor-image-gallery .gallery.gallery-columns-4 .gallery-item,.elementor-image-gallery .gallery.gallery-columns-5 .gallery-item,.elementor-image-gallery .gallery.gallery-columns-6 .gallery-item,.elementor-image-gallery .gallery.gallery-columns-7 .gallery-item,.elementor-image-gallery .gallery.gallery-columns-8 .gallery-item,.elementor-image-gallery .gallery.gallery-columns-9 .gallery-item,.elementor-image-gallery .gallery.gallery-columns-10 .gallery-item{max-width:100%}}<\/style>\t\t<div class=\"elementor-image-gallery\">\n\t\t\t<div id='gallery-1' class='gallery galleryid-7272 gallery-columns-4 gallery-size-post-slider-thumb-size'><figure class='gallery-item'>\n\t\t\t<div class='gallery-icon landscape'>\n\t\t\t\t<a data-elementor-open-lightbox=\"yes\" data-elementor-lightbox-slideshow=\"b853c7e\" data-elementor-lightbox-title=\"477152365_122217331658035383_4761339888141821205_n\" data-e-action-hash=\"#elementor-action%3Aaction%3Dlightbox%26settings%3DeyJpZCI6NzI4MiwidXJsIjoiaHR0cHM6XC9cL3d3dy52YXN6YXJ5a2VwdGFyLmh1XC93cC1jb250ZW50XC91cGxvYWRzXC8yMDI2XC8wNFwvNDc3MTUyMzY1XzEyMjIxNzMzMTY1ODAzNTM4M180NzYxMzM5ODg4MTQxODIxMjA1X24uanBnIiwic2xpZGVzaG93IjoiYjg1M2M3ZSJ9\" href='https:\/\/www.vaszarykeptar.hu\/wp-content\/uploads\/2026\/04\/477152365_122217331658035383_4761339888141821205_n.jpg'><img width=\"330\" height=\"190\" src=\"https:\/\/www.vaszarykeptar.hu\/wp-content\/uploads\/2026\/04\/477152365_122217331658035383_4761339888141821205_n-330x190.jpg\" class=\"attachment-post-slider-thumb-size size-post-slider-thumb-size\" alt=\"\" loading=\"lazy\" \/><\/a>\n\t\t\t<\/div><\/figure><figure class='gallery-item'>\n\t\t\t<div class='gallery-icon landscape'>\n\t\t\t\t<a data-elementor-open-lightbox=\"yes\" data-elementor-lightbox-slideshow=\"b853c7e\" data-elementor-lightbox-title=\"627675758_122268468386035383_2726711937747697372_n\" data-e-action-hash=\"#elementor-action%3Aaction%3Dlightbox%26settings%3DeyJpZCI6NzI3NSwidXJsIjoiaHR0cHM6XC9cL3d3dy52YXN6YXJ5a2VwdGFyLmh1XC93cC1jb250ZW50XC91cGxvYWRzXC8yMDI2XC8wNFwvNjI3Njc1NzU4XzEyMjI2ODQ2ODM4NjAzNTM4M18yNzI2NzExOTM3NzQ3Njk3MzcyX24uanBnIiwic2xpZGVzaG93IjoiYjg1M2M3ZSJ9\" href='https:\/\/www.vaszarykeptar.hu\/wp-content\/uploads\/2026\/04\/627675758_122268468386035383_2726711937747697372_n.jpg'><img width=\"330\" height=\"190\" src=\"https:\/\/www.vaszarykeptar.hu\/wp-content\/uploads\/2026\/04\/627675758_122268468386035383_2726711937747697372_n-330x190.jpg\" class=\"attachment-post-slider-thumb-size size-post-slider-thumb-size\" alt=\"\" loading=\"lazy\" \/><\/a>\n\t\t\t<\/div><\/figure><figure class='gallery-item'>\n\t\t\t<div class='gallery-icon landscape'>\n\t\t\t\t<a data-elementor-open-lightbox=\"yes\" data-elementor-lightbox-slideshow=\"b853c7e\" data-elementor-lightbox-title=\"527858976_122245489442035383_4614802857451785153_n\" data-e-action-hash=\"#elementor-action%3Aaction%3Dlightbox%26settings%3DeyJpZCI6NzI3NywidXJsIjoiaHR0cHM6XC9cL3d3dy52YXN6YXJ5a2VwdGFyLmh1XC93cC1jb250ZW50XC91cGxvYWRzXC8yMDI2XC8wNFwvNTI3ODU4OTc2XzEyMjI0NTQ4OTQ0MjAzNTM4M180NjE0ODAyODU3NDUxNzg1MTUzX24uanBnIiwic2xpZGVzaG93IjoiYjg1M2M3ZSJ9\" href='https:\/\/www.vaszarykeptar.hu\/wp-content\/uploads\/2026\/04\/527858976_122245489442035383_4614802857451785153_n.jpg'><img width=\"330\" height=\"190\" src=\"https:\/\/www.vaszarykeptar.hu\/wp-content\/uploads\/2026\/04\/527858976_122245489442035383_4614802857451785153_n-330x190.jpg\" class=\"attachment-post-slider-thumb-size size-post-slider-thumb-size\" alt=\"\" loading=\"lazy\" \/><\/a>\n\t\t\t<\/div><\/figure><figure class='gallery-item'>\n\t\t\t<div class='gallery-icon landscape'>\n\t\t\t\t<a data-elementor-open-lightbox=\"yes\" data-elementor-lightbox-slideshow=\"b853c7e\" data-elementor-lightbox-title=\"564761763_122254899836035383_4582569667482774449_n\" data-e-action-hash=\"#elementor-action%3Aaction%3Dlightbox%26settings%3DeyJpZCI6NzI3NiwidXJsIjoiaHR0cHM6XC9cL3d3dy52YXN6YXJ5a2VwdGFyLmh1XC93cC1jb250ZW50XC91cGxvYWRzXC8yMDI2XC8wNFwvNTY0NzYxNzYzXzEyMjI1NDg5OTgzNjAzNTM4M180NTgyNTY5NjY3NDgyNzc0NDQ5X24uanBnIiwic2xpZGVzaG93IjoiYjg1M2M3ZSJ9\" href='https:\/\/www.vaszarykeptar.hu\/wp-content\/uploads\/2026\/04\/564761763_122254899836035383_4582569667482774449_n.jpg'><img width=\"330\" height=\"190\" src=\"https:\/\/www.vaszarykeptar.hu\/wp-content\/uploads\/2026\/04\/564761763_122254899836035383_4582569667482774449_n-330x190.jpg\" class=\"attachment-post-slider-thumb-size size-post-slider-thumb-size\" alt=\"\" loading=\"lazy\" \/><\/a>\n\t\t\t<\/div><\/figure><figure class='gallery-item'>\n\t\t\t<div class='gallery-icon landscape'>\n\t\t\t\t<a data-elementor-open-lightbox=\"yes\" data-elementor-lightbox-slideshow=\"b853c7e\" data-elementor-lightbox-title=\"486852225_122225447576035383_7336768010429758558_n\" data-e-action-hash=\"#elementor-action%3Aaction%3Dlightbox%26settings%3DeyJpZCI6NzI4MCwidXJsIjoiaHR0cHM6XC9cL3d3dy52YXN6YXJ5a2VwdGFyLmh1XC93cC1jb250ZW50XC91cGxvYWRzXC8yMDI2XC8wNFwvNDg2ODUyMjI1XzEyMjIyNTQ0NzU3NjAzNTM4M183MzM2NzY4MDEwNDI5NzU4NTU4X24uanBnIiwic2xpZGVzaG93IjoiYjg1M2M3ZSJ9\" href='https:\/\/www.vaszarykeptar.hu\/wp-content\/uploads\/2026\/04\/486852225_122225447576035383_7336768010429758558_n.jpg'><img width=\"330\" height=\"190\" src=\"https:\/\/www.vaszarykeptar.hu\/wp-content\/uploads\/2026\/04\/486852225_122225447576035383_7336768010429758558_n-330x190.jpg\" class=\"attachment-post-slider-thumb-size size-post-slider-thumb-size\" alt=\"\" loading=\"lazy\" \/><\/a>\n\t\t\t<\/div><\/figure><figure class='gallery-item'>\n\t\t\t<div class='gallery-icon landscape'>\n\t\t\t\t<a data-elementor-open-lightbox=\"yes\" data-elementor-lightbox-slideshow=\"b853c7e\" data-elementor-lightbox-title=\"524450280_122244135698035383_6617176565103165270_n\" data-e-action-hash=\"#elementor-action%3Aaction%3Dlightbox%26settings%3DeyJpZCI6NzI3OCwidXJsIjoiaHR0cHM6XC9cL3d3dy52YXN6YXJ5a2VwdGFyLmh1XC93cC1jb250ZW50XC91cGxvYWRzXC8yMDI2XC8wNFwvNTI0NDUwMjgwXzEyMjI0NDEzNTY5ODAzNTM4M182NjE3MTc2NTY1MTAzMTY1MjcwX24uanBnIiwic2xpZGVzaG93IjoiYjg1M2M3ZSJ9\" href='https:\/\/www.vaszarykeptar.hu\/wp-content\/uploads\/2026\/04\/524450280_122244135698035383_6617176565103165270_n.jpg'><img width=\"330\" height=\"190\" src=\"https:\/\/www.vaszarykeptar.hu\/wp-content\/uploads\/2026\/04\/524450280_122244135698035383_6617176565103165270_n-330x190.jpg\" class=\"attachment-post-slider-thumb-size size-post-slider-thumb-size\" alt=\"\" loading=\"lazy\" \/><\/a>\n\t\t\t<\/div><\/figure><figure class='gallery-item'>\n\t\t\t<div class='gallery-icon landscape'>\n\t\t\t\t<a data-elementor-open-lightbox=\"yes\" data-elementor-lightbox-slideshow=\"b853c7e\" data-elementor-lightbox-title=\"484989994_122224151168035383_3740154640683051332_n\" data-e-action-hash=\"#elementor-action%3Aaction%3Dlightbox%26settings%3DeyJpZCI6NzI4MSwidXJsIjoiaHR0cHM6XC9cL3d3dy52YXN6YXJ5a2VwdGFyLmh1XC93cC1jb250ZW50XC91cGxvYWRzXC8yMDI2XC8wNFwvNDg0OTg5OTk0XzEyMjIyNDE1MTE2ODAzNTM4M18zNzQwMTU0NjQwNjgzMDUxMzMyX24uanBnIiwic2xpZGVzaG93IjoiYjg1M2M3ZSJ9\" href='https:\/\/www.vaszarykeptar.hu\/wp-content\/uploads\/2026\/04\/484989994_122224151168035383_3740154640683051332_n.jpg'><img width=\"330\" height=\"190\" src=\"https:\/\/www.vaszarykeptar.hu\/wp-content\/uploads\/2026\/04\/484989994_122224151168035383_3740154640683051332_n-330x190.jpg\" class=\"attachment-post-slider-thumb-size size-post-slider-thumb-size\" alt=\"\" loading=\"lazy\" \/><\/a>\n\t\t\t<\/div><\/figure><figure class='gallery-item'>\n\t\t\t<div class='gallery-icon landscape'>\n\t\t\t\t<a data-elementor-open-lightbox=\"yes\" data-elementor-lightbox-slideshow=\"b853c7e\" data-elementor-lightbox-title=\"509423047_122238964442035383_4543086916171829642_n\" data-e-action-hash=\"#elementor-action%3Aaction%3Dlightbox%26settings%3DeyJpZCI6NzI3OSwidXJsIjoiaHR0cHM6XC9cL3d3dy52YXN6YXJ5a2VwdGFyLmh1XC93cC1jb250ZW50XC91cGxvYWRzXC8yMDI2XC8wNFwvNTA5NDIzMDQ3XzEyMjIzODk2NDQ0MjAzNTM4M180NTQzMDg2OTE2MTcxODI5NjQyX24uanBnIiwic2xpZGVzaG93IjoiYjg1M2M3ZSJ9\" href='https:\/\/www.vaszarykeptar.hu\/wp-content\/uploads\/2026\/04\/509423047_122238964442035383_4543086916171829642_n.jpg'><img width=\"330\" height=\"190\" src=\"https:\/\/www.vaszarykeptar.hu\/wp-content\/uploads\/2026\/04\/509423047_122238964442035383_4543086916171829642_n-330x190.jpg\" class=\"attachment-post-slider-thumb-size size-post-slider-thumb-size\" alt=\"\" loading=\"lazy\" \/><\/a>\n\t\t\t<\/div><\/figure>\n\t\t<\/div>\n\t\t<\/div>\n\t\t\t\t<\/div>\n\t\t\t\t<\/div>\n\t\t\t\t\t<\/div>\n\t\t<\/div>\n\t\t\t\t\t\t\t<\/div>\n\t\t<\/section>\n\t\t\t\t<section class=\"elementor-section elementor-top-section elementor-element elementor-element-561e408 elementor-section-boxed elementor-section-height-default elementor-section-height-default\" data-id=\"561e408\" data-element_type=\"section\">\n\t\t\t\t\t\t<div class=\"elementor-container elementor-column-gap-default\">\n\t\t\t\t\t<div class=\"elementor-column elementor-col-100 elementor-top-column elementor-element elementor-element-f4b4be7\" data-id=\"f4b4be7\" data-element_type=\"column\">\n\t\t\t<div class=\"elementor-widget-wrap elementor-element-populated\">\n\t\t\t\t\t\t\t\t<div class=\"elementor-element elementor-element-823507f elementor-widget-divider--view-line elementor-widget elementor-widget-divider\" data-id=\"823507f\" data-element_type=\"widget\" data-widget_type=\"divider.default\">\n\t\t\t\t<div class=\"elementor-widget-container\">\n\t\t\t<style>\/*! elementor - v3.12.2 - 23-04-2023 *\/\n.elementor-widget-divider{--divider-border-style:none;--divider-border-width:1px;--divider-color:#0c0d0e;--divider-icon-size:20px;--divider-element-spacing:10px;--divider-pattern-height:24px;--divider-pattern-size:20px;--divider-pattern-url:none;--divider-pattern-repeat:repeat-x}.elementor-widget-divider .elementor-divider{display:flex}.elementor-widget-divider .elementor-divider__text{font-size:15px;line-height:1;max-width:95%}.elementor-widget-divider .elementor-divider__element{margin:0 var(--divider-element-spacing);flex-shrink:0}.elementor-widget-divider .elementor-icon{font-size:var(--divider-icon-size)}.elementor-widget-divider .elementor-divider-separator{display:flex;margin:0;direction:ltr}.elementor-widget-divider--view-line_icon .elementor-divider-separator,.elementor-widget-divider--view-line_text .elementor-divider-separator{align-items:center}.elementor-widget-divider--view-line_icon .elementor-divider-separator:after,.elementor-widget-divider--view-line_icon .elementor-divider-separator:before,.elementor-widget-divider--view-line_text .elementor-divider-separator:after,.elementor-widget-divider--view-line_text .elementor-divider-separator:before{display:block;content:\"\";border-bottom:0;flex-grow:1;border-top:var(--divider-border-width) var(--divider-border-style) var(--divider-color)}.elementor-widget-divider--element-align-left .elementor-divider .elementor-divider-separator>.elementor-divider__svg:first-of-type{flex-grow:0;flex-shrink:100}.elementor-widget-divider--element-align-left .elementor-divider-separator:before{content:none}.elementor-widget-divider--element-align-left .elementor-divider__element{margin-left:0}.elementor-widget-divider--element-align-right .elementor-divider .elementor-divider-separator>.elementor-divider__svg:last-of-type{flex-grow:0;flex-shrink:100}.elementor-widget-divider--element-align-right .elementor-divider-separator:after{content:none}.elementor-widget-divider--element-align-right .elementor-divider__element{margin-right:0}.elementor-widget-divider:not(.elementor-widget-divider--view-line_text):not(.elementor-widget-divider--view-line_icon) .elementor-divider-separator{border-top:var(--divider-border-width) var(--divider-border-style) var(--divider-color)}.elementor-widget-divider--separator-type-pattern{--divider-border-style:none}.elementor-widget-divider--separator-type-pattern.elementor-widget-divider--view-line .elementor-divider-separator,.elementor-widget-divider--separator-type-pattern:not(.elementor-widget-divider--view-line) .elementor-divider-separator:after,.elementor-widget-divider--separator-type-pattern:not(.elementor-widget-divider--view-line) .elementor-divider-separator:before,.elementor-widget-divider--separator-type-pattern:not([class*=elementor-widget-divider--view]) .elementor-divider-separator{width:100%;min-height:var(--divider-pattern-height);-webkit-mask-size:var(--divider-pattern-size) 100%;mask-size:var(--divider-pattern-size) 100%;-webkit-mask-repeat:var(--divider-pattern-repeat);mask-repeat:var(--divider-pattern-repeat);background-color:var(--divider-color);-webkit-mask-image:var(--divider-pattern-url);mask-image:var(--divider-pattern-url)}.elementor-widget-divider--no-spacing{--divider-pattern-size:auto}.elementor-widget-divider--bg-round{--divider-pattern-repeat:round}.rtl .elementor-widget-divider .elementor-divider__text{direction:rtl}.e-con-inner>.elementor-widget-divider,.e-con>.elementor-widget-divider{width:var(--container-widget-width,100%);--flex-grow:var(--container-widget-flex-grow)}<\/style>\t\t<div class=\"elementor-divider\">\n\t\t\t<span class=\"elementor-divider-separator\">\n\t\t\t\t\t\t<\/span>\n\t\t<\/div>\n\t\t\t\t<\/div>\n\t\t\t\t<\/div>\n\t\t\t\t\t<\/div>\n\t\t<\/div>\n\t\t\t\t\t\t\t<\/div>\n\t\t<\/section>\n\t\t\t\t<section class=\"elementor-section elementor-top-section elementor-element elementor-element-48fe59c elementor-section-boxed elementor-section-height-default elementor-section-height-default\" data-id=\"48fe59c\" data-element_type=\"section\">\n\t\t\t\t\t\t<div class=\"elementor-container elementor-column-gap-default\">\n\t\t\t\t\t<div class=\"elementor-column elementor-col-100 elementor-top-column elementor-element elementor-element-1d2e0ba\" data-id=\"1d2e0ba\" data-element_type=\"column\">\n\t\t\t<div class=\"elementor-widget-wrap elementor-element-populated\">\n\t\t\t\t\t\t\t\t<div class=\"elementor-element elementor-element-7de3938 elementor-widget elementor-widget-text-editor\" data-id=\"7de3938\" data-element_type=\"widget\" data-widget_type=\"text-editor.default\">\n\t\t\t\t<div class=\"elementor-widget-container\">\n\t\t\t\t\t\t\t<p><strong>Facebook:<br \/><\/strong><a href=\"https:\/\/www.facebook.com\/beton.pietra\">https:\/\/www.facebook.com\/beton.pietra<\/a><\/p><p><strong>Instagram:<br \/><\/strong><a href=\"https:\/\/www.instagram.com\/beton.pietra\">https:\/\/www.instagram.com\/beton.pietra<\/a><\/p><p><strong>Webshop:<br \/><\/strong><a href=\"https:\/\/pietra.sumupstore.com\/\">https:\/\/pietra.sumupstore.com\/<\/a><\/p>\t\t\t\t\t\t<\/div>\n\t\t\t\t<\/div>\n\t\t\t\t\t<\/div>\n\t\t<\/div>\n\t\t\t\t\t\t\t<\/div>\n\t\t<\/section>\n\t\t\t\t\t\t\t<\/div>\n\t\t","protected":false},"excerpt":{"rendered":"<p>PIETRA A Pietra \u00e9kszerek betonb\u00f3l k\u00e9sz\u00fclnek gyakran f\u00e9m \u00e9s b\u0151r kieg\u00e9sz\u00edt\u0151kkel kombin\u00e1lva. A m\u00e1rka meg\u00e1lmod\u00f3ja P\u00e1lh\u00e1zi Petra, aki k\u00e9t \u00e9vvel ezel\u0151tt kezdett bele az \u00e9kszerk\u00e9sz\u00edt\u00e9sbe.&hellip;<\/p>\n","protected":false},"author":4,"featured_media":0,"parent":0,"menu_order":0,"comment_status":"closed","ping_status":"closed","template":"","meta":[],"_links":{"self":[{"href":"https:\/\/www.vaszarykeptar.hu\/index.php?rest_route=\/wp\/v2\/pages\/7272"}],"collection":[{"href":"https:\/\/www.vaszarykeptar.hu\/index.php?rest_route=\/wp\/v2\/pages"}],"about":[{"href":"https:\/\/www.vaszarykeptar.hu\/index.php?rest_route=\/wp\/v2\/types\/page"}],"author":[{"embeddable":true,"href":"https:\/\/www.vaszarykeptar.hu\/index.php?rest_route=\/wp\/v2\/users\/4"}],"replies":[{"embeddable":true,"href":"https:\/\/www.vaszarykeptar.hu\/index.php?rest_route=%2Fwp%2Fv2%2Fcomments&post=7272"}],"version-history":[{"count":13,"href":"https:\/\/www.vaszarykeptar.hu\/index.php?rest_route=\/wp\/v2\/pages\/7272\/revisions"}],"predecessor-version":[{"id":7315,"href":"https:\/\/www.vaszarykeptar.hu\/index.php?rest_route=\/wp\/v2\/pages\/7272\/revisions\/7315"}],"wp:attachment":[{"href":"https:\/\/www.vaszarykeptar.hu\/index.php?rest_route=%2Fwp%2Fv2%2Fmedia&parent=7272"}],"curies":[{"name":"wp","href":"https:\/\/api.w.org\/{rel}","templated":true}]}}