{"id":7330,"date":"2026-05-08T11:44:28","date_gmt":"2026-05-08T11:44:28","guid":{"rendered":"https:\/\/www.vaszarykeptar.hu\/?page_id=7330"},"modified":"2026-05-08T12:23:14","modified_gmt":"2026-05-08T12:23:14","slug":"betonszobraszati-triennale","status":"publish","type":"page","link":"https:\/\/www.vaszarykeptar.hu\/?page_id=7330","title":{"rendered":"Betonszobr\u00e1szati Trienn\u00e1le"},"content":{"rendered":"\t\t<div data-elementor-type=\"wp-page\" data-elementor-id=\"7330\" class=\"elementor elementor-7330\">\n\t\t\t\t\t\t\t\t\t<section class=\"elementor-section elementor-top-section elementor-element elementor-element-278036f elementor-section-boxed elementor-section-height-default elementor-section-height-default\" data-id=\"278036f\" data-element_type=\"section\">\n\t\t\t\t\t\t<div class=\"elementor-container elementor-column-gap-default\">\n\t\t\t\t\t<div class=\"elementor-column elementor-col-100 elementor-top-column elementor-element elementor-element-6519be8\" data-id=\"6519be8\" data-element_type=\"column\">\n\t\t\t<div class=\"elementor-widget-wrap elementor-element-populated\">\n\t\t\t\t\t\t\t\t<div class=\"elementor-element elementor-element-5dbe189 elementor-widget elementor-widget-heading\" data-id=\"5dbe189\" data-element_type=\"widget\" data-widget_type=\"heading.default\">\n\t\t\t\t<div class=\"elementor-widget-container\">\n\t\t\t<style>\/*! elementor - v3.12.2 - 23-04-2023 *\/\n.elementor-heading-title{padding:0;margin:0;line-height:1}.elementor-widget-heading .elementor-heading-title[class*=elementor-size-]>a{color:inherit;font-size:inherit;line-height:inherit}.elementor-widget-heading .elementor-heading-title.elementor-size-small{font-size:15px}.elementor-widget-heading .elementor-heading-title.elementor-size-medium{font-size:19px}.elementor-widget-heading .elementor-heading-title.elementor-size-large{font-size:29px}.elementor-widget-heading .elementor-heading-title.elementor-size-xl{font-size:39px}.elementor-widget-heading .elementor-heading-title.elementor-size-xxl{font-size:59px}<\/style><h2 class=\"elementor-heading-title elementor-size-default\">P\u00e1ly\u00e1zat<br>az I. Betonszobr\u00e1szati Trienn\u00e1l\u00e9n val\u00f3 r\u00e9szv\u00e9telre <br>2026<\/h2>\t\t<\/div>\n\t\t\t\t<\/div>\n\t\t\t\t\t<\/div>\n\t\t<\/div>\n\t\t\t\t\t\t\t<\/div>\n\t\t<\/section>\n\t\t\t\t<section class=\"elementor-section elementor-top-section elementor-element elementor-element-f7b4d11 elementor-section-boxed elementor-section-height-default elementor-section-height-default\" data-id=\"f7b4d11\" data-element_type=\"section\">\n\t\t\t\t\t\t<div class=\"elementor-container elementor-column-gap-default\">\n\t\t\t\t\t<div class=\"elementor-column elementor-col-100 elementor-top-column elementor-element elementor-element-f91aec2\" data-id=\"f91aec2\" data-element_type=\"column\">\n\t\t\t<div class=\"elementor-widget-wrap elementor-element-populated\">\n\t\t\t\t\t\t\t\t<div class=\"elementor-element elementor-element-c85cec8 elementor-widget elementor-widget-image\" data-id=\"c85cec8\" data-element_type=\"widget\" data-widget_type=\"image.default\">\n\t\t\t\t<div class=\"elementor-widget-container\">\n\t\t\t<style>\/*! elementor - v3.12.2 - 23-04-2023 *\/\n.elementor-widget-image{text-align:center}.elementor-widget-image a{display:inline-block}.elementor-widget-image a img[src$=\".svg\"]{width:48px}.elementor-widget-image img{vertical-align:middle;display:inline-block}<\/style>\t\t\t\t\t\t\t\t\t\t\t\t<img width=\"843\" height=\"474\" src=\"https:\/\/www.vaszarykeptar.hu\/wp-content\/uploads\/2026\/05\/ujraalkotott_koe-1024x576.jpg\" class=\"attachment-large size-large wp-image-7332\" alt=\"\" loading=\"lazy\" srcset=\"https:\/\/www.vaszarykeptar.hu\/wp-content\/uploads\/2026\/05\/ujraalkotott_koe-1024x576.jpg 1024w, https:\/\/www.vaszarykeptar.hu\/wp-content\/uploads\/2026\/05\/ujraalkotott_koe-300x169.jpg 300w, https:\/\/www.vaszarykeptar.hu\/wp-content\/uploads\/2026\/05\/ujraalkotott_koe-768x432.jpg 768w, https:\/\/www.vaszarykeptar.hu\/wp-content\/uploads\/2026\/05\/ujraalkotott_koe-1536x864.jpg 1536w, https:\/\/www.vaszarykeptar.hu\/wp-content\/uploads\/2026\/05\/ujraalkotott_koe.jpg 2048w\" sizes=\"(max-width: 843px) 100vw, 843px\" \/>\t\t\t\t\t\t\t\t\t\t\t\t\t\t\t<\/div>\n\t\t\t\t<\/div>\n\t\t\t\t\t<\/div>\n\t\t<\/div>\n\t\t\t\t\t\t\t<\/div>\n\t\t<\/section>\n\t\t\t\t<section class=\"elementor-section elementor-top-section elementor-element elementor-element-2b48d10 elementor-section-boxed elementor-section-height-default elementor-section-height-default\" data-id=\"2b48d10\" data-element_type=\"section\">\n\t\t\t\t\t\t<div class=\"elementor-container elementor-column-gap-default\">\n\t\t\t\t\t<div class=\"elementor-column elementor-col-100 elementor-top-column elementor-element elementor-element-449b068\" data-id=\"449b068\" data-element_type=\"column\">\n\t\t\t<div class=\"elementor-widget-wrap elementor-element-populated\">\n\t\t\t\t\t\t\t\t<div class=\"elementor-element elementor-element-80b8008 elementor-widget elementor-widget-text-editor\" data-id=\"80b8008\" data-element_type=\"widget\" data-widget_type=\"text-editor.default\">\n\t\t\t\t<div class=\"elementor-widget-container\">\n\t\t\t<style>\/*! elementor - v3.12.2 - 23-04-2023 *\/\n.elementor-widget-text-editor.elementor-drop-cap-view-stacked .elementor-drop-cap{background-color:#69727d;color:#fff}.elementor-widget-text-editor.elementor-drop-cap-view-framed .elementor-drop-cap{color:#69727d;border:3px solid;background-color:transparent}.elementor-widget-text-editor:not(.elementor-drop-cap-view-default) .elementor-drop-cap{margin-top:8px}.elementor-widget-text-editor:not(.elementor-drop-cap-view-default) .elementor-drop-cap-letter{width:1em;height:1em}.elementor-widget-text-editor .elementor-drop-cap{float:left;text-align:center;line-height:1;font-size:50px}.elementor-widget-text-editor .elementor-drop-cap-letter{display:inline-block}<\/style>\t\t\t\t<p>Az I. Betonszobr\u00e1szati Trienn\u00e1le a beton, mint kort\u00e1rs m\u0171v\u00e9szeti m\u00e9dium \u00fajragondol\u00e1s\u00e1t \u00e9s a technol\u00f3giai innov\u00e1ci\u00f3t \u00e1ll\u00edtja a k\u00f6z\u00e9ppontba. A projekt c\u00e9lja egy olyan \u00e1lland\u00f3 szakmai f\u00f3rum \u00e9s kreat\u00edv k\u00f6z\u00f6ss\u00e9g l\u00e9trehoz\u00e1sa, amely bemutatja az ipari anyag m\u0171v\u00e9szi \u00e1talakul\u00e1s\u00e1t \u00e9s a benne rejl\u0151 szuver\u00e9n m\u0171v\u00e9szi \u00e9rt\u00e9kekre f\u00f3kusz\u00e1l.<\/p><p>A Trienn\u00e1le kiemelt k\u00fcldet\u00e9se, hogy hidat k\u00e9pezzen a m\u00e9rn\u00f6ki precizit\u00e1s \u00e9s a m\u0171v\u00e9szi szabads\u00e1g k\u00f6z\u00f6tt, b\u00e1tor\u00edtva az anyaghat\u00e1rok feszeget\u00e9s\u00e9t \u00e9s a k\u00eds\u00e9rletez\u0151 formanyelvet. Kaposv\u00e1r v\u00e1rosa \u00e9s a Vaszary K\u00e9pt\u00e1r elk\u00f6telezett t\u00e1mogat\u00f3k\u00e9nt k\u00edv\u00e1n otthont \u00e9s inspir\u00e1l\u00f3 helysz\u00ednt biztos\u00edtani e speci\u00e1lis m\u0171v\u00e9szeti tev\u00e9kenys\u00e9gnek, hossz\u00fa t\u00e1v\u00fa platformot k\u00edn\u00e1lva a hazai \u00e9s nemzetk\u00f6zi alkot\u00f3k p\u00e1rbesz\u00e9d\u00e9nek.<\/p><p>P\u00e1ly\u00e1zatunkkal olyan m\u0171veket keres\u00fcnk, amelyek a beton technol\u00f3giai saj\u00e1toss\u00e1gait a kort\u00e1rs formanyelv t\u00fckr\u00e9ben \u00e9rtelmezik \u00fajra, illetve relev\u00e1ns alkot\u00f3i \u00fczenetet k\u00f6zvet\u00edtenek &#8211; \u00faj szellemi \u00e9s eszt\u00e9tikai dimenzi\u00f3t nyitva a kort\u00e1rs szobr\u00e1szatban.<\/p><p><strong>A p\u00e1ly\u00e1zat ki\u00edr\u00f3ja:<\/strong><\/p><p>Csiky Gergely Sz\u00ednh\u00e1z \u00e9s Kultur\u00e1lis K\u00f6zpont K\u00f6zhaszn\u00fa Nonprofit Kft. \u2013 Vaszary K\u00e9pt\u00e1r<\/p><p><strong>A p\u00e1ly\u00e1zat c\u00e9lja \u00e9s t\u00e1rgya:<\/strong><\/p><p>A p\u00e1ly\u00e1zat nyilv\u00e1nos k\u00e9pz\u0151m\u0171v\u00e9szeti p\u00e1ly\u00e1zat, melyre <strong>kifejezetten beton alapanyag\u00fa, vagy a betont domin\u00e1ns elemk\u00e9nt alkalmaz\u00f3,<\/strong> egyedi szobr\u00e1szati alkot\u00e1sokat v\u00e1runk. A nyertes m\u0171alkot\u00e1sok a kaposv\u00e1ri Vaszary K\u00e9pt\u00e1rban megrendez\u00e9sre ker\u00fcl\u0151 I. Betonszobr\u00e1szati Trienn\u00e1l\u00e9n ker\u00fclnek bemutat\u00e1sra.<\/p><p style=\"text-align: center;\">A teljes p\u00e1ly\u00e1zati felh\u00edv\u00e1s az al\u00e1bbi linkre kattinvta let\u00f6lthet\u0151:<\/p><p style=\"text-align: center;\"><a href=\"https:\/\/www.vaszarykeptar.hu\/wp-content\/uploads\/2026\/05\/I.-Betonszobraszati-Triennale-_-felhivas.pdf\">I. Betonszobr\u00e1szati Trienn\u00e1l\u00e9 felh\u00edv\u00e1s<\/a><\/p><p style=\"text-align: center;\">A p\u00e1ly\u00e1zati adatlap az al\u00e1bbi linkre kattintva let\u00f6lthet\u0151:<\/p><p style=\"text-align: center;\"><a href=\"https:\/\/www.vaszarykeptar.hu\/wp-content\/uploads\/2026\/05\/Palyazati-adatlap.doc\">P\u00e1ly\u00e1zati adatlap<\/a><\/p><p>A p\u00e1ly\u00e1zat menete:<\/p><p><strong>A p\u00e1ly\u00e1zat be\u00e9rkez\u00e9s\u00e9nek hat\u00e1rideje: 2026. m\u00e1jus 31. (vas\u00e1rnap)<br \/><\/strong>A p\u00e1lyam\u0171vek beny\u00fajt\u00e1s\u00e1nak m\u00f3dja: E-mailben, a \u00a0beton.triennale(kukac)csiky.hu c\u00edmre v\u00e1rjuk a p\u00e1ly\u00e1zati anyagokat.<\/p><p><strong>Eredm\u00e9ny kihirdet\u00e9se: 2026. j\u00fanius 15.<br \/><\/strong>A bezs\u0171rizett alkot\u00e1sok sz\u00e1ll\u00edt\u00e1si id\u0151szaka: 2026. j\u00fanius 22-26. k\u00f6z\u00f6tt.<br \/>A ki\u00e1ll\u00edt\u00e1s helysz\u00edne: Vaszary K\u00e9pt\u00e1r \u2013 7400 Kaposv\u00e1r, Nagy Imre t\u00e9r 2.<br \/>Megnyit\u00f3: 2026. j\u00falius 8., 17.00 \u00f3ra<br \/>A ki\u00e1ll\u00edt\u00e1s id\u0151tartama: 2026. j\u00falius 9. \u2013 2026. augusztus 19.<\/p>\t\t\t\t\t\t<\/div>\n\t\t\t\t<\/div>\n\t\t\t\t\t<\/div>\n\t\t<\/div>\n\t\t\t\t\t\t\t<\/div>\n\t\t<\/section>\n\t\t\t\t<section class=\"elementor-section elementor-top-section elementor-element elementor-element-e335591 elementor-section-boxed elementor-section-height-default elementor-section-height-default\" data-id=\"e335591\" data-element_type=\"section\">\n\t\t\t\t\t\t<div class=\"elementor-container elementor-column-gap-default\">\n\t\t\t\t\t<div class=\"elementor-column elementor-col-100 elementor-top-column elementor-element elementor-element-6416dcb\" data-id=\"6416dcb\" data-element_type=\"column\">\n\t\t\t<div class=\"elementor-widget-wrap\">\n\t\t\t\t\t\t\t\t\t<\/div>\n\t\t<\/div>\n\t\t\t\t\t\t\t<\/div>\n\t\t<\/section>\n\t\t\t\t\t\t\t<\/div>\n\t\t","protected":false},"excerpt":{"rendered":"<p>P\u00e1ly\u00e1zataz I. Betonszobr\u00e1szati Trienn\u00e1l\u00e9n val\u00f3 r\u00e9szv\u00e9telre 2026 Az I. Betonszobr\u00e1szati Trienn\u00e1le a beton, mint kort\u00e1rs m\u0171v\u00e9szeti m\u00e9dium \u00fajragondol\u00e1s\u00e1t \u00e9s a technol\u00f3giai innov\u00e1ci\u00f3t \u00e1ll\u00edtja a k\u00f6z\u00e9ppontba.&hellip;<\/p>\n","protected":false},"author":4,"featured_media":0,"parent":0,"menu_order":0,"comment_status":"closed","ping_status":"closed","template":"elementor_header_footer","meta":[],"_links":{"self":[{"href":"https:\/\/www.vaszarykeptar.hu\/index.php?rest_route=\/wp\/v2\/pages\/7330"}],"collection":[{"href":"https:\/\/www.vaszarykeptar.hu\/index.php?rest_route=\/wp\/v2\/pages"}],"about":[{"href":"https:\/\/www.vaszarykeptar.hu\/index.php?rest_route=\/wp\/v2\/types\/page"}],"author":[{"embeddable":true,"href":"https:\/\/www.vaszarykeptar.hu\/index.php?rest_route=\/wp\/v2\/users\/4"}],"replies":[{"embeddable":true,"href":"https:\/\/www.vaszarykeptar.hu\/index.php?rest_route=%2Fwp%2Fv2%2Fcomments&post=7330"}],"version-history":[{"count":32,"href":"https:\/\/www.vaszarykeptar.hu\/index.php?rest_route=\/wp\/v2\/pages\/7330\/revisions"}],"predecessor-version":[{"id":7368,"href":"https:\/\/www.vaszarykeptar.hu\/index.php?rest_route=\/wp\/v2\/pages\/7330\/revisions\/7368"}],"wp:attachment":[{"href":"https:\/\/www.vaszarykeptar.hu\/index.php?rest_route=%2Fwp%2Fv2%2Fmedia&parent=7330"}],"curies":[{"name":"wp","href":"https:\/\/api.w.org\/{rel}","templated":true}]}}